{"id":5594,"date":"2024-11-08T11:45:10","date_gmt":"2024-11-08T10:45:10","guid":{"rendered":"https:\/\/www.vimmerbycamping.se\/faq-haeufig-gestellte-fragen-antworten\/"},"modified":"2024-11-08T11:47:41","modified_gmt":"2024-11-08T10:47:41","slug":"faq-haeufig-gestellte-fragen-antworten","status":"publish","type":"page","link":"https:\/\/www.vimmerbycamping.se\/de\/faq-haeufig-gestellte-fragen-antworten\/","title":{"rendered":"FAQ &#8211; H\u00e4ufig gestellte Fragen &#038; Antworten"},"content":{"rendered":"\n<p>Hier finden Sie unsere h\u00e4ufig gestellten Fragen (FAQ) sowie Antworten auf g\u00e4ngige Fragen zu unserem Campingplatz. Wenn Sie nicht finden, was Sie suchen, z\u00f6gern Sie nicht, uns zu kontaktieren!<\/p>\n\n<div style=\"height:10px\" aria-hidden=\"true\" class=\"wp-block-spacer\"><\/div>\n\n<details class=\"wp-block-details is-layout-flow wp-block-details-is-layout-flow\"><summary><strong>Wie weit ist es bis zur Astrid Lindgren Welt?<\/strong><\/summary>\n<p>Vom Vimmerby Campingplatz sind es etwa 4 Kilometer zum besten Park der Welt. Es dauert 15 Minuten mit dem Fahrrad oder 7-8 Minuten mit dem Auto.<\/p>\n<\/details>\n\n<div style=\"height:20px\" aria-hidden=\"true\" class=\"wp-block-spacer\"><\/div>\n\n<details class=\"wp-block-details is-layout-flow wp-block-details-is-layout-flow\"><summary><strong>Was ist in den H\u00fctten &amp; Ferienwohnungen enthalten?<\/strong><\/summary>\n<p>Alle Unterk\u00fcnfte sind mit Kissen und Decken, einem K\u00fchlschrank und einer K\u00fcchenzeile mit allem notwendigen Geschirr ausgestattet. Bringen Sie nur Ihre eigenen Bettw\u00e4sche, Handt\u00fccher und Geschirrt\u00fccher mit. Alle Unterk\u00fcnfte verf\u00fcgen \u00fcber m\u00f6blierte Terrassen.<\/p>\n<\/details>\n\n<div style=\"height:20px\" aria-hidden=\"true\" class=\"wp-block-spacer\"><\/div>\n\n<details class=\"wp-block-details is-layout-flow wp-block-details-is-layout-flow\"><summary><strong>Wann sind die Check-in- und Check-out-Zeiten?<\/strong><\/summary>\n<p>Der Check-in beginnt um 15:00 Uhr, und der Check-out ist bis sp\u00e4testens 11:00 Uhr. Wenn Sie nach den \u00d6ffnungszeiten der Rezeption einchecken m\u00f6chten, rufen Sie uns bitte am Tag des Check-ins an.<\/p>\n<\/details>\n\n<div style=\"height:20px\" aria-hidden=\"true\" class=\"wp-block-spacer\"><\/div>\n\n<details class=\"wp-block-details is-layout-flow wp-block-details-is-layout-flow\"><summary><strong>Kann ich einen sp\u00e4ten Check-out buchen?<\/strong><\/summary>\n<p>Ja, es ist m\u00f6glich, einen sp\u00e4ten Check-out gegen eine Geb\u00fchr von 100 SEK hinzuzuf\u00fcgen.<\/p>\n\n\n\n<p><\/p>\n\n\n\n<details class=\"wp-block-details is-layout-flow wp-block-details-is-layout-flow\"><summary><\/summary>\n<p><\/p>\n<\/details>\n<\/details>\n\n<div style=\"height:20px\" aria-hidden=\"true\" class=\"wp-block-spacer\"><\/div>\n\n<details class=\"wp-block-details is-layout-flow wp-block-details-is-layout-flow\"><summary><strong>Gibt es WiFi auf dem Gel\u00e4nde?<\/strong><\/summary>\n<p>Absolut \u2013 WiFi ist auf dem Gro\u00dfteil des Campingplatzes verf\u00fcgbar.&#13;\nSie k\u00f6nnen sich mit dem Netzwerk <strong>\u201eGuest Vimmerby Camping\u201c<\/strong> verbinden.&#13;\nDas Passwort lautet <strong>\u201eRivieran\u201c.<\/strong><\/p>\n<\/details>\n\n<div style=\"height:20px\" aria-hidden=\"true\" class=\"wp-block-spacer\"><\/div>\n\n<details class=\"wp-block-details is-layout-flow wp-block-details-is-layout-flow\"><summary><strong>Welches Kabel ben\u00f6tige ich, um den Strommast auf dem Campingplatz anzuschlie\u00dfen?<\/strong><\/summary>\n<p>Alle buchbaren Campingpl\u00e4tze sind mit <strong>CEE-Steckdosen<\/strong> ausgestattet. Sie ben\u00f6tigen einen Schuko-Adapter, um 220V vom Strommast zu beziehen.<\/p>\n<\/details>\n\n<div style=\"height:20px\" aria-hidden=\"true\" class=\"wp-block-spacer\"><\/div>\n\n<details class=\"wp-block-details is-layout-flow wp-block-details-is-layout-flow\"><summary><strong>Wir kommen mit einem Elektroauto, wo k\u00f6nnen wir es aufladen?<\/strong><\/summary>\n<p>Direkt neben dem Parkplatz am Badesee gibt es 4 Ladestationen f\u00fcr Elektroautos mit 22 kW.&#13;\nEs gibt 6 neue Supercharger weiter unten an der Stra\u00dfe bei Nosshult 103 mit 500 kW.<\/p>\n\n\n\n<p class=\"has-vivid-red-color has-text-color has-link-color wp-elements-f9d8f821079bc5ccc74d571818ce1a2c\"><strong>Bitte beachten Sie, dass es auf Empfehlung der Feuerwehr verboten ist, Elektroautos an den Campingplatz-Stroms\u00e4ulen aufzuladen!<\/strong><\/p>\n<\/details>\n\n<div style=\"height:20px\" aria-hidden=\"true\" class=\"wp-block-spacer\"><\/div>\n\n<details class=\"wp-block-details is-layout-flow wp-block-details-is-layout-flow\"><summary><strong>Wir suchen nach Gesch\u00e4ftsunterk\u00fcnften, haben Sie solche?<\/strong><\/summary>\n<p>Wir bieten alles von voll ausgestatteten Ferienwohnungen bis hin zu Campingpl\u00e4tzen f\u00fcr kurze und l\u00e4ngere Aufenthalte.&#13;\n<a href=\"https:\/\/www.vimmerbycamping.se\/de\/fuer-groessere-gruppen-und-unternehmen\/\">Klicken Sie hier, um mehr zu lesen!<\/a><\/p>\n<\/details>\n\n<div style=\"height:20px\" aria-hidden=\"true\" class=\"wp-block-spacer\"><\/div>\n\n<details class=\"wp-block-details is-layout-flow wp-block-details-is-layout-flow\"><summary><strong>Darf man im See angeln?<\/strong><\/summary>\n<p>Absolut, und Sie ben\u00f6tigen keinen Angelschein. Es gibt Ruderboote, Kanus und Tretboote, die Sie mieten k\u00f6nnen, wenn Sie lieber auf dem Wasser unterwegs sind, anstatt von einem der Stege zu angeln.<\/p>\n<\/details>\n\n<div style=\"height:20px\" aria-hidden=\"true\" class=\"wp-block-spacer\"><\/div>\n\n<details class=\"wp-block-details is-layout-flow wp-block-details-is-layout-flow\"><summary><strong>Wie sind die Regeln f\u00fcr Musik und Partys?<\/strong><\/summary>\n<p>Spielen Sie gerne Musik, aber halten Sie sie f\u00fcr Ihre Gruppe und nicht f\u00fcr die Nachbarn. Die Anlage ist familienfreundlich, und sp\u00e4testens um 22:30 Uhr sollte es ruhig sein.<\/p>\n<\/details>\n\n<div style=\"height:20px\" aria-hidden=\"true\" class=\"wp-block-spacer\"><\/div>\n\n<details class=\"wp-block-details is-layout-flow wp-block-details-is-layout-flow\"><summary><strong>Gibt es die M\u00f6glichkeit, W\u00e4sche zu waschen?<\/strong><\/summary>\n<p>Ja, wir haben 3 Waschmaschinen und 2 W\u00e4schetrockner. Sie k\u00f6nnen eine passende Zeit daf\u00fcr an der Rezeption buchen.<\/p>\n<\/details>\n\n<div style=\"height:20px\" aria-hidden=\"true\" class=\"wp-block-spacer\"><\/div>\n\n<details class=\"wp-block-details is-layout-flow wp-block-details-is-layout-flow\"><summary><strong>Kann ich Handt\u00fccher und Bettw\u00e4sche mieten?<\/strong><\/summary>\n<p>Ja, Sie k\u00f6nnen bei uns Handt\u00fccher und Bettw\u00e4sche mieten. F\u00fcgen Sie dies zu Ihrer Buchung hinzu oder fragen Sie bei der Ankunft an der Rezeption.<\/p>\n<\/details>\n\n<div style=\"height:20px\" aria-hidden=\"true\" class=\"wp-block-spacer\"><\/div>\n\n<details class=\"wp-block-details is-layout-flow wp-block-details-is-layout-flow\"><summary><strong>Wie kann ich Sie kontaktieren, wenn ich nach den \u00d6ffnungszeiten ankomme?<\/strong><\/summary>\n<p><\/p>\n\n\n\n<p>Wenn Sie wissen, dass Sie nach den \u00d6ffnungszeiten ankommen, rufen Sie uns bitte w\u00e4hrend der \u00d6ffnungszeiten an, damit wir Ihren Schl\u00fcssel in einem Schl\u00fcsselkasten vor der Rezeption hinterlegen k\u00f6nnen. Wenn Sie uns im Voraus nicht kontaktieren konnten, werden wir versuchen, Sie rechtzeitig zu erreichen, um Ihnen zu erkl\u00e4ren, wo Sie Ihren Stellplatz und den Schl\u00fcssel finden.<\/p>\n<\/details>\n\n<div style=\"height:20px\" aria-hidden=\"true\" class=\"wp-block-spacer\"><\/div>\n\n<details class=\"wp-block-details is-layout-flow wp-block-details-is-layout-flow\"><summary><strong>Ist der Campingplatz f\u00fcr externe Besucher ge\u00f6ffnet?<\/strong><\/summary>\n<p><\/p>\n\n\n\n<p>Ja, nat\u00fcrlich! Der Campingplatz ist f\u00fcr externe Besucher ge\u00f6ffnet. Sie k\u00f6nnen hier schwimmen, das Wetter genie\u00dfen, in unserem Restaurant essen, Boote mieten oder die Sauna buchen. Willkommen!<\/p>\n<\/details>\n\n<div style=\"height:20px\" aria-hidden=\"true\" class=\"wp-block-spacer\"><\/div>\n\n<details class=\"wp-block-details is-layout-flow wp-block-details-is-layout-flow\"><summary><strong>Bieten Sie ein Campingk\u00fcche oder gemeinschaftliche K\u00fcchenbereiche an?<\/strong><\/summary>\n<p><\/p>\n\n\n\n<p>Wir haben zwei Servicek\u00fcchen, die Herde, \u00d6fen, Mikrowellen und K\u00fchllagerung bieten. Im unteren Servicegeb\u00e4ude gibt es au\u00dferdem einen gem\u00fctlichen Aufenthaltsraum, in dem Sie Ihre Mahlzeit in entspannter Atmosph\u00e4re genie\u00dfen k\u00f6nnen.<\/p>\n<\/details>\n\n<div style=\"height:20px\" aria-hidden=\"true\" class=\"wp-block-spacer\"><\/div>\n\n<details class=\"wp-block-details is-layout-flow wp-block-details-is-layout-flow\"><summary><strong>K\u00f6nnen wir Fahrr\u00e4der oder Boote mieten?<\/strong><\/summary>\n<p><\/p>\n\n\n\n<p>Ja, Sie k\u00f6nnen hier auf dem Campingplatz sowohl Fahrr\u00e4der als auch Boote mieten. Wir bieten normale Fahrr\u00e4der sowie Lastenr\u00e4der an, die \u00fcber zwei Sitze im Lastenbereich verf\u00fcgen. Das maximale Gewicht f\u00fcr diese Sitze betr\u00e4gt 90 Kilo. F\u00fcr Wassersportarten haben wir au\u00dferdem Tretboote, Ruderboote und Kanus zur Miete. Bitte fragen Sie unser Personal nach weiteren Informationen oder buchen Sie im Voraus.<\/p>\n<\/details>\n\n<div style=\"height:20px\" aria-hidden=\"true\" class=\"wp-block-spacer\"><\/div>\n\n<details class=\"wp-block-details is-layout-flow wp-block-details-is-layout-flow\"><summary><strong>Gibt es eine Ruhezeit am Abend?<\/strong><\/summary>\n<p><\/p>\n\n\n\n<p> Ja, es gibt eine Ruhezeit am Abend zwischen 22:30 Uhr und 07:00 Uhr. Wenn Sie w\u00e4hrend dieser Zeit St\u00f6rungen erleben, wenden Sie sich bitte an den Nachtservice. Rufen Sie den Nachtservice unter +46492-31410 an.<\/p>\n<\/details>\n\n<div style=\"height:20px\" aria-hidden=\"true\" class=\"wp-block-spacer\"><\/div>\n\n<details class=\"wp-block-details is-layout-flow wp-block-details-is-layout-flow\"><summary><strong>Kann ich einen bestimmten Stellplatz im Voraus reservieren?<\/strong><\/summary>\n<p><\/p>\n\n\n\n<p>Ja, es ist m\u00f6glich, einen bestimmten Stellplatz im Voraus zu reservieren. Gegen eine Geb\u00fchr von 50 SEK k\u00f6nnen Sie die &#8222;Platzwahl&#8220; bezahlen und sicherstellen, dass der Platz w\u00e4hrend Ihres gesamten Aufenthalts f\u00fcr Sie reserviert ist. Bitte kontaktieren Sie uns, wenn Sie Hilfe bei der Reservierung ben\u00f6tigen!<\/p>\n<\/details>\n\n<div style=\"height:20px\" aria-hidden=\"true\" class=\"wp-block-spacer\"><\/div>\n\n<details class=\"wp-block-details is-layout-flow wp-block-details-is-layout-flow\"><summary><strong>Bieten Sie einen Br\u00f6tchenservice oder Fr\u00fchst\u00fccksservice an?<\/strong><\/summary>\n<p><\/p>\n\n\n\n<p> Ja, wir bieten Br\u00f6tchenservice und Fr\u00fchst\u00fccksservice in der Hochsaison an. In unserem Laden, 24Food, erhalten wir t\u00e4glich frisches Brot, das gegen 7:00 Uhr morgens geliefert wird. Au\u00dferdem bieten wir in der Hochsaison ein Fr\u00fchst\u00fccksbuffet im Restaurant an, das im Voraus an der Rezeption gebucht werden muss.<\/p>\n<\/details>\n\n<div style=\"height:20px\" aria-hidden=\"true\" class=\"wp-block-spacer\"><\/div>\n\n<figure class=\"wp-block-image size-large\"><img fetchpriority=\"high\" decoding=\"async\" width=\"1024\" height=\"461\" src=\"https:\/\/www.vimmerbycamping.se\/wp-content\/uploads\/2024\/11\/20220417_160317-1024x461.jpg\" alt=\"\" class=\"wp-image-5575\" srcset=\"https:\/\/www.vimmerbycamping.se\/wp-content\/uploads\/2024\/11\/20220417_160317-1024x461.jpg 1024w, https:\/\/www.vimmerbycamping.se\/wp-content\/uploads\/2024\/11\/20220417_160317-300x135.jpg 300w, https:\/\/www.vimmerbycamping.se\/wp-content\/uploads\/2024\/11\/20220417_160317-768x346.jpg 768w, https:\/\/www.vimmerbycamping.se\/wp-content\/uploads\/2024\/11\/20220417_160317-1536x692.jpg 1536w, https:\/\/www.vimmerbycamping.se\/wp-content\/uploads\/2024\/11\/20220417_160317-2048x922.jpg 2048w\" sizes=\"(max-width: 1024px) 100vw, 1024px\" \/><\/figure>\n","protected":false},"excerpt":{"rendered":"<p>Hier finden Sie unsere h\u00e4ufig gestellten Fragen (FAQ) sowie Antworten auf g\u00e4ngige Fragen zu unserem Campingplatz. Wenn Sie nicht finden, was Sie suchen, z\u00f6gern Sie nicht, uns zu kontaktieren!<\/p>\n","protected":false},"author":3,"featured_media":5568,"parent":0,"menu_order":0,"comment_status":"closed","ping_status":"closed","template":"","meta":{"_acf_changed":false,"footnotes":""},"class_list":["post-5594","page","type-page","status-publish","has-post-thumbnail","hentry"],"acf":[],"yoast_head":"<!-- This site is optimized with the Yoast SEO plugin v26.8 - https:\/\/yoast.com\/product\/yoast-seo-wordpress\/ -->\n<title>FAQ - H\u00e4ufig gestellte Fragen &amp; Antworten - Vimmerby Camping<\/title>\n<meta name=\"description\" content=\"Kurze Antworten auf h\u00e4ufig gestellte Fragen zu unseren Einrichtungen und Dienstleistungen. Holen Sie sich die Informationen, die Sie schnell und einfach ben\u00f6tigen!\" \/>\n<meta name=\"robots\" content=\"index, follow, max-snippet:-1, max-image-preview:large, max-video-preview:-1\" \/>\n<link rel=\"canonical\" href=\"https:\/\/www.vimmerbycamping.se\/de\/faq-haeufig-gestellte-fragen-antworten\/\" \/>\n<meta property=\"og:locale\" content=\"de_DE\" \/>\n<meta property=\"og:type\" content=\"article\" \/>\n<meta property=\"og:title\" content=\"FAQ - H\u00e4ufig gestellte Fragen &amp; Antworten - Vimmerby Camping\" \/>\n<meta property=\"og:description\" content=\"Kurze Antworten auf h\u00e4ufig gestellte Fragen zu unseren Einrichtungen und Dienstleistungen. Holen Sie sich die Informationen, die Sie schnell und einfach ben\u00f6tigen!\" \/>\n<meta property=\"og:url\" content=\"https:\/\/www.vimmerbycamping.se\/de\/faq-haeufig-gestellte-fragen-antworten\/\" \/>\n<meta property=\"og:site_name\" content=\"Vimmerby Camping\" \/>\n<meta property=\"article:publisher\" content=\"https:\/\/www.facebook.com\/vimmerbycamping1\" \/>\n<meta property=\"article:modified_time\" content=\"2024-11-08T10:47:41+00:00\" \/>\n<meta property=\"og:image\" content=\"https:\/\/www.vimmerbycamping.se\/wp-content\/uploads\/2024\/11\/20220721_053500-1024x461.jpg\" \/>\n\t<meta property=\"og:image:width\" content=\"1024\" \/>\n\t<meta property=\"og:image:height\" content=\"461\" \/>\n\t<meta property=\"og:image:type\" content=\"image\/jpeg\" \/>\n<meta name=\"twitter:card\" content=\"summary_large_image\" \/>\n<meta name=\"twitter:label1\" content=\"Gesch\u00e4tzte Lesezeit\" \/>\n\t<meta name=\"twitter:data1\" content=\"4\u00a0Minuten\" \/>\n<script type=\"application\/ld+json\" class=\"yoast-schema-graph\">{\"@context\":\"https:\/\/schema.org\",\"@graph\":[{\"@type\":\"WebPage\",\"@id\":\"https:\/\/www.vimmerbycamping.se\/de\/faq-haeufig-gestellte-fragen-antworten\/\",\"url\":\"https:\/\/www.vimmerbycamping.se\/de\/faq-haeufig-gestellte-fragen-antworten\/\",\"name\":\"FAQ - H\u00e4ufig gestellte Fragen & Antworten - Vimmerby Camping\",\"isPartOf\":{\"@id\":\"https:\/\/www.vimmerbycamping.se\/de\/#website\"},\"primaryImageOfPage\":{\"@id\":\"https:\/\/www.vimmerbycamping.se\/de\/faq-haeufig-gestellte-fragen-antworten\/#primaryimage\"},\"image\":{\"@id\":\"https:\/\/www.vimmerbycamping.se\/de\/faq-haeufig-gestellte-fragen-antworten\/#primaryimage\"},\"thumbnailUrl\":\"https:\/\/www.vimmerbycamping.se\/wp-content\/uploads\/2024\/11\/20220721_053500.jpg\",\"datePublished\":\"2024-11-08T10:45:10+00:00\",\"dateModified\":\"2024-11-08T10:47:41+00:00\",\"description\":\"Kurze Antworten auf h\u00e4ufig gestellte Fragen zu unseren Einrichtungen und Dienstleistungen. Holen Sie sich die Informationen, die Sie schnell und einfach ben\u00f6tigen!\",\"breadcrumb\":{\"@id\":\"https:\/\/www.vimmerbycamping.se\/de\/faq-haeufig-gestellte-fragen-antworten\/#breadcrumb\"},\"inLanguage\":\"de\",\"potentialAction\":[{\"@type\":\"ReadAction\",\"target\":[\"https:\/\/www.vimmerbycamping.se\/de\/faq-haeufig-gestellte-fragen-antworten\/\"]}]},{\"@type\":\"ImageObject\",\"inLanguage\":\"de\",\"@id\":\"https:\/\/www.vimmerbycamping.se\/de\/faq-haeufig-gestellte-fragen-antworten\/#primaryimage\",\"url\":\"https:\/\/www.vimmerbycamping.se\/wp-content\/uploads\/2024\/11\/20220721_053500.jpg\",\"contentUrl\":\"https:\/\/www.vimmerbycamping.se\/wp-content\/uploads\/2024\/11\/20220721_053500.jpg\",\"width\":4032,\"height\":1816},{\"@type\":\"BreadcrumbList\",\"@id\":\"https:\/\/www.vimmerbycamping.se\/de\/faq-haeufig-gestellte-fragen-antworten\/#breadcrumb\",\"itemListElement\":[{\"@type\":\"ListItem\",\"position\":1,\"name\":\"Home\",\"item\":\"https:\/\/www.vimmerbycamping.se\/de\/\"},{\"@type\":\"ListItem\",\"position\":2,\"name\":\"FAQ &#8211; H\u00e4ufig gestellte Fragen &#038; Antworten\"}]},{\"@type\":\"WebSite\",\"@id\":\"https:\/\/www.vimmerbycamping.se\/de\/#website\",\"url\":\"https:\/\/www.vimmerbycamping.se\/de\/\",\"name\":\"Vimmerby Camping\",\"description\":\"\",\"publisher\":{\"@id\":\"https:\/\/www.vimmerbycamping.se\/de\/#organization\"},\"potentialAction\":[{\"@type\":\"SearchAction\",\"target\":{\"@type\":\"EntryPoint\",\"urlTemplate\":\"https:\/\/www.vimmerbycamping.se\/de\/?s={search_term_string}\"},\"query-input\":{\"@type\":\"PropertyValueSpecification\",\"valueRequired\":true,\"valueName\":\"search_term_string\"}}],\"inLanguage\":\"de\"},{\"@type\":\"Organization\",\"@id\":\"https:\/\/www.vimmerbycamping.se\/de\/#organization\",\"name\":\"Vimmerby Camping\",\"url\":\"https:\/\/www.vimmerbycamping.se\/de\/\",\"logo\":{\"@type\":\"ImageObject\",\"inLanguage\":\"de\",\"@id\":\"https:\/\/www.vimmerbycamping.se\/de\/#\/schema\/logo\/image\/\",\"url\":\"https:\/\/www.vimmerbycamping.se\/wp-content\/uploads\/2020\/10\/symbol.png\",\"contentUrl\":\"https:\/\/www.vimmerbycamping.se\/wp-content\/uploads\/2020\/10\/symbol.png\",\"width\":512,\"height\":512,\"caption\":\"Vimmerby Camping\"},\"image\":{\"@id\":\"https:\/\/www.vimmerbycamping.se\/de\/#\/schema\/logo\/image\/\"},\"sameAs\":[\"https:\/\/www.facebook.com\/vimmerbycamping1\"]}]}<\/script>\n<!-- \/ Yoast SEO plugin. -->","yoast_head_json":{"title":"FAQ - H\u00e4ufig gestellte Fragen & Antworten - Vimmerby Camping","description":"Kurze Antworten auf h\u00e4ufig gestellte Fragen zu unseren Einrichtungen und Dienstleistungen. Holen Sie sich die Informationen, die Sie schnell und einfach ben\u00f6tigen!","robots":{"index":"index","follow":"follow","max-snippet":"max-snippet:-1","max-image-preview":"max-image-preview:large","max-video-preview":"max-video-preview:-1"},"canonical":"https:\/\/www.vimmerbycamping.se\/de\/faq-haeufig-gestellte-fragen-antworten\/","og_locale":"de_DE","og_type":"article","og_title":"FAQ - H\u00e4ufig gestellte Fragen & Antworten - Vimmerby Camping","og_description":"Kurze Antworten auf h\u00e4ufig gestellte Fragen zu unseren Einrichtungen und Dienstleistungen. Holen Sie sich die Informationen, die Sie schnell und einfach ben\u00f6tigen!","og_url":"https:\/\/www.vimmerbycamping.se\/de\/faq-haeufig-gestellte-fragen-antworten\/","og_site_name":"Vimmerby Camping","article_publisher":"https:\/\/www.facebook.com\/vimmerbycamping1","article_modified_time":"2024-11-08T10:47:41+00:00","og_image":[{"width":1024,"height":461,"url":"https:\/\/www.vimmerbycamping.se\/wp-content\/uploads\/2024\/11\/20220721_053500-1024x461.jpg","type":"image\/jpeg"}],"twitter_card":"summary_large_image","twitter_misc":{"Gesch\u00e4tzte Lesezeit":"4\u00a0Minuten"},"schema":{"@context":"https:\/\/schema.org","@graph":[{"@type":"WebPage","@id":"https:\/\/www.vimmerbycamping.se\/de\/faq-haeufig-gestellte-fragen-antworten\/","url":"https:\/\/www.vimmerbycamping.se\/de\/faq-haeufig-gestellte-fragen-antworten\/","name":"FAQ - H\u00e4ufig gestellte Fragen & Antworten - Vimmerby Camping","isPartOf":{"@id":"https:\/\/www.vimmerbycamping.se\/de\/#website"},"primaryImageOfPage":{"@id":"https:\/\/www.vimmerbycamping.se\/de\/faq-haeufig-gestellte-fragen-antworten\/#primaryimage"},"image":{"@id":"https:\/\/www.vimmerbycamping.se\/de\/faq-haeufig-gestellte-fragen-antworten\/#primaryimage"},"thumbnailUrl":"https:\/\/www.vimmerbycamping.se\/wp-content\/uploads\/2024\/11\/20220721_053500.jpg","datePublished":"2024-11-08T10:45:10+00:00","dateModified":"2024-11-08T10:47:41+00:00","description":"Kurze Antworten auf h\u00e4ufig gestellte Fragen zu unseren Einrichtungen und Dienstleistungen. Holen Sie sich die Informationen, die Sie schnell und einfach ben\u00f6tigen!","breadcrumb":{"@id":"https:\/\/www.vimmerbycamping.se\/de\/faq-haeufig-gestellte-fragen-antworten\/#breadcrumb"},"inLanguage":"de","potentialAction":[{"@type":"ReadAction","target":["https:\/\/www.vimmerbycamping.se\/de\/faq-haeufig-gestellte-fragen-antworten\/"]}]},{"@type":"ImageObject","inLanguage":"de","@id":"https:\/\/www.vimmerbycamping.se\/de\/faq-haeufig-gestellte-fragen-antworten\/#primaryimage","url":"https:\/\/www.vimmerbycamping.se\/wp-content\/uploads\/2024\/11\/20220721_053500.jpg","contentUrl":"https:\/\/www.vimmerbycamping.se\/wp-content\/uploads\/2024\/11\/20220721_053500.jpg","width":4032,"height":1816},{"@type":"BreadcrumbList","@id":"https:\/\/www.vimmerbycamping.se\/de\/faq-haeufig-gestellte-fragen-antworten\/#breadcrumb","itemListElement":[{"@type":"ListItem","position":1,"name":"Home","item":"https:\/\/www.vimmerbycamping.se\/de\/"},{"@type":"ListItem","position":2,"name":"FAQ &#8211; H\u00e4ufig gestellte Fragen &#038; Antworten"}]},{"@type":"WebSite","@id":"https:\/\/www.vimmerbycamping.se\/de\/#website","url":"https:\/\/www.vimmerbycamping.se\/de\/","name":"Vimmerby Camping","description":"","publisher":{"@id":"https:\/\/www.vimmerbycamping.se\/de\/#organization"},"potentialAction":[{"@type":"SearchAction","target":{"@type":"EntryPoint","urlTemplate":"https:\/\/www.vimmerbycamping.se\/de\/?s={search_term_string}"},"query-input":{"@type":"PropertyValueSpecification","valueRequired":true,"valueName":"search_term_string"}}],"inLanguage":"de"},{"@type":"Organization","@id":"https:\/\/www.vimmerbycamping.se\/de\/#organization","name":"Vimmerby Camping","url":"https:\/\/www.vimmerbycamping.se\/de\/","logo":{"@type":"ImageObject","inLanguage":"de","@id":"https:\/\/www.vimmerbycamping.se\/de\/#\/schema\/logo\/image\/","url":"https:\/\/www.vimmerbycamping.se\/wp-content\/uploads\/2020\/10\/symbol.png","contentUrl":"https:\/\/www.vimmerbycamping.se\/wp-content\/uploads\/2020\/10\/symbol.png","width":512,"height":512,"caption":"Vimmerby Camping"},"image":{"@id":"https:\/\/www.vimmerbycamping.se\/de\/#\/schema\/logo\/image\/"},"sameAs":["https:\/\/www.facebook.com\/vimmerbycamping1"]}]}},"_links":{"self":[{"href":"https:\/\/www.vimmerbycamping.se\/de\/wp-json\/wp\/v2\/pages\/5594","targetHints":{"allow":["GET"]}}],"collection":[{"href":"https:\/\/www.vimmerbycamping.se\/de\/wp-json\/wp\/v2\/pages"}],"about":[{"href":"https:\/\/www.vimmerbycamping.se\/de\/wp-json\/wp\/v2\/types\/page"}],"author":[{"embeddable":true,"href":"https:\/\/www.vimmerbycamping.se\/de\/wp-json\/wp\/v2\/users\/3"}],"replies":[{"embeddable":true,"href":"https:\/\/www.vimmerbycamping.se\/de\/wp-json\/wp\/v2\/comments?post=5594"}],"version-history":[{"count":1,"href":"https:\/\/www.vimmerbycamping.se\/de\/wp-json\/wp\/v2\/pages\/5594\/revisions"}],"predecessor-version":[{"id":5595,"href":"https:\/\/www.vimmerbycamping.se\/de\/wp-json\/wp\/v2\/pages\/5594\/revisions\/5595"}],"wp:featuredmedia":[{"embeddable":true,"href":"https:\/\/www.vimmerbycamping.se\/de\/wp-json\/wp\/v2\/media\/5568"}],"wp:attachment":[{"href":"https:\/\/www.vimmerbycamping.se\/de\/wp-json\/wp\/v2\/media?parent=5594"}],"curies":[{"name":"wp","href":"https:\/\/api.w.org\/{rel}","templated":true}]}}