{"id":474,"date":"2020-11-18T09:07:34","date_gmt":"2020-11-18T09:07:34","guid":{"rendered":"https:\/\/vimmerbycamping.mindbite.cloud\/buchungsbedingungen\/"},"modified":"2024-11-20T10:02:37","modified_gmt":"2024-11-20T09:02:37","slug":"buchungsbedingungen","status":"publish","type":"page","link":"https:\/\/www.vimmerbycamping.se\/de\/buchungsbedingungen\/","title":{"rendered":"Buchungsbedingungen"},"content":{"rendered":"\n<p>Bas ist die g\u00fcnstigere Option und eignet sich f\u00fcr dich, wenn du dir sicher bist, wann du reist. Bei einer Stornierung wird kein Teil des bezahlten Betrags gem\u00e4\u00df unseren Buchungsbedingungen zur\u00fcckerstattet.<\/p>\n\n<p>Flex ist die flexible Option f\u00fcr dich, wenn du mehr Freiheit bei deiner Buchung haben m\u00f6chtest. Du kannst deine Buchung bis 12:00 Uhr am Tag vor der Ankunft stornieren oder \u00e4ndern und erh\u00e4ltst eine vollst\u00e4ndige R\u00fcckerstattung des Buchungsbetrags (abz\u00fcglich einer Verwaltungsgeb\u00fchr von 100 SEK).<\/p>\n\n<p>Die Unterkunft steht dir ab 15:00 Uhr am Anreisetag bis 11:00 Uhr am Abreisetag zur Verf\u00fcgung. Hast du deinen Aufenthalt begonnen und musst diesen aus irgendeinem Grund abbrechen, erfolgt keine R\u00fcckerstattung.<\/p>\n\n<p>Du bist w\u00e4hrend deines Aufenthalts verantwortlich f\u00fcr die H\u00fctte oder den Campingplatz. Du musst die Unterkunft gut pflegen und die geltenden Regeln und Anweisungen der Anlage befolgen. Du tr\u00e4gst die Verantwortung f\u00fcr eventuelle Sch\u00e4den an der H\u00fctte oder dem Campingplatz. Die Anlage ist familienfreundlich, und um einen erholsamen Schlaf f\u00fcr alle zu gew\u00e4hrleisten, muss es zwischen 22:30 und 07:00 Uhr ruhig sein.<\/p>\n\n<p>Du darfst keine weiteren Personen in der H\u00fctte oder auf dem Campingplatz \u00fcbernachten lassen, als bei der Buchung angegeben. Du bist daf\u00fcr verantwortlich, alle Schl\u00fcssel zur H\u00fctte oder zum Campingplatz bei der Abreise zur\u00fcckzugeben; andernfalls wird die Kosten f\u00fcr den Austausch des Schlosses in Rechnung gestellt. Wird die H\u00fctte unaufger\u00e4umt hinterlassen, wird eine Reinigungsgeb\u00fchr nachtr\u00e4glich berechnet.<\/p>\n\n<p>Wenn wir die H\u00fctte oder den Campingplatz nicht im zugesicherten Zustand bereitstellen und es uns nicht gelingt, dir eine \u00e4hnliche H\u00fctte oder einen \u00e4hnlichen Campingplatz anzubieten, hast du das Recht, den Mietvertrag zu k\u00fcndigen. In diesem Fall wird der gesamte Mietbetrag zur\u00fcckerstattet. Du kannst auch verlangen, dass wir dir eine Entsch\u00e4digung in Form einer Mietminderung gew\u00e4hren. Wenn du Beschwerden hast, solltest du diese so schnell wie m\u00f6glich vorbringen. Fehler, die auftreten, m\u00fcssen sofort gemeldet werden, damit wir die M\u00f6glichkeit haben, sie zu beheben.<\/p>\n\n<p>Die Buchungsbedingungen gelten in vollem Umfang, wenn der Vertrag mit sofortiger Wirkung beendet wird, falls:  &#13;\n\u2013 du oder jemand in deiner Gruppe st\u00f6rend auftritt,  &#13;\n\u2013 du oder jemand in deiner Gruppe Sachbesch\u00e4digung begeht, oder  &#13;\n\u2013 die H\u00fctte oder der Campingplatz f\u00fcr einen nicht vorgesehenen Zweck genutzt wird.<\/p>\n\n<p>Wenn der Vertrag aufgrund der oben genannten Gr\u00fcnde beendet wird, musst du und deine Gruppe die H\u00fctte oder den Campingplatz verlassen, und du hast keinen Anspruch auf R\u00fcckerstattung.<\/p>\n\n<p>Wende dich bei eventuellen Beschwerden oder Unklarheiten an uns. Beachte, dass deine Chancen, eine L\u00f6sung zu finden, sinken, wenn du zu lange wartest, um dich bei uns zu melden. Wenn wir uns nicht einigen k\u00f6nnen, kannst du dich an die Allm\u00e4nna reklamationsn\u00e4mnden (Schwedische Schlichtungsstelle) wenden.<\/p>\n","protected":false},"excerpt":{"rendered":"<p>Bas ist die g\u00fcnstigere Option und eignet sich f\u00fcr dich, wenn du dir sicher bist, wann du reist. Bei einer Stornierung wird kein Teil des bezahlten Betrags gem\u00e4\u00df unseren Buchungsbedingungen [&hellip;]<\/p>\n","protected":false},"author":1,"featured_media":896,"parent":0,"menu_order":1000,"comment_status":"closed","ping_status":"closed","template":"","meta":{"_acf_changed":false,"footnotes":""},"class_list":["post-474","page","type-page","status-publish","has-post-thumbnail","hentry"],"acf":[],"yoast_head":"<!-- This site is optimized with the Yoast SEO plugin v26.8 - https:\/\/yoast.com\/product\/yoast-seo-wordpress\/ -->\n<title>Buchungsbedingungen - Vimmerby Camping<\/title>\n<meta name=\"description\" content=\"Flex ist die flexible Option f\u00fcr dich, wenn du mehr Freiheit bei deiner Buchung haben m\u00f6chtest. Du kannst bis 12:00 Uhr am Tag vor der Ankunft stornieren.\" \/>\n<meta name=\"robots\" content=\"index, follow, max-snippet:-1, max-image-preview:large, max-video-preview:-1\" \/>\n<link rel=\"canonical\" href=\"https:\/\/www.vimmerbycamping.se\/de\/buchungsbedingungen\/\" \/>\n<meta property=\"og:locale\" content=\"de_DE\" \/>\n<meta property=\"og:type\" content=\"article\" \/>\n<meta property=\"og:title\" content=\"Buchungsbedingungen - Vimmerby Camping\" \/>\n<meta property=\"og:description\" content=\"Flex ist die flexible Option f\u00fcr dich, wenn du mehr Freiheit bei deiner Buchung haben m\u00f6chtest. Du kannst bis 12:00 Uhr am Tag vor der Ankunft stornieren.\" \/>\n<meta property=\"og:url\" content=\"https:\/\/www.vimmerbycamping.se\/de\/buchungsbedingungen\/\" \/>\n<meta property=\"og:site_name\" content=\"Vimmerby Camping\" \/>\n<meta property=\"article:publisher\" content=\"https:\/\/www.facebook.com\/vimmerbycamping1\" \/>\n<meta property=\"article:modified_time\" content=\"2024-11-20T09:02:37+00:00\" \/>\n<meta property=\"og:image\" content=\"https:\/\/www.vimmerbycamping.se\/wp-content\/uploads\/2020\/10\/Camping-2_full-scaled.jpg\" \/>\n\t<meta property=\"og:image:width\" content=\"2560\" \/>\n\t<meta property=\"og:image:height\" content=\"2048\" \/>\n\t<meta property=\"og:image:type\" content=\"image\/jpeg\" \/>\n<meta name=\"twitter:card\" content=\"summary_large_image\" \/>\n<meta name=\"twitter:label1\" content=\"Gesch\u00e4tzte Lesezeit\" \/>\n\t<meta name=\"twitter:data1\" content=\"2\u00a0Minuten\" \/>\n<script type=\"application\/ld+json\" class=\"yoast-schema-graph\">{\"@context\":\"https:\/\/schema.org\",\"@graph\":[{\"@type\":\"WebPage\",\"@id\":\"https:\/\/www.vimmerbycamping.se\/de\/buchungsbedingungen\/\",\"url\":\"https:\/\/www.vimmerbycamping.se\/de\/buchungsbedingungen\/\",\"name\":\"Buchungsbedingungen - Vimmerby Camping\",\"isPartOf\":{\"@id\":\"https:\/\/www.vimmerbycamping.se\/de\/#website\"},\"primaryImageOfPage\":{\"@id\":\"https:\/\/www.vimmerbycamping.se\/de\/buchungsbedingungen\/#primaryimage\"},\"image\":{\"@id\":\"https:\/\/www.vimmerbycamping.se\/de\/buchungsbedingungen\/#primaryimage\"},\"thumbnailUrl\":\"https:\/\/www.vimmerbycamping.se\/wp-content\/uploads\/2020\/10\/Camping-2_full-scaled.jpg\",\"datePublished\":\"2020-11-18T09:07:34+00:00\",\"dateModified\":\"2024-11-20T09:02:37+00:00\",\"description\":\"Flex ist die flexible Option f\u00fcr dich, wenn du mehr Freiheit bei deiner Buchung haben m\u00f6chtest. Du kannst bis 12:00 Uhr am Tag vor der Ankunft stornieren.\",\"breadcrumb\":{\"@id\":\"https:\/\/www.vimmerbycamping.se\/de\/buchungsbedingungen\/#breadcrumb\"},\"inLanguage\":\"de\",\"potentialAction\":[{\"@type\":\"ReadAction\",\"target\":[\"https:\/\/www.vimmerbycamping.se\/de\/buchungsbedingungen\/\"]}]},{\"@type\":\"ImageObject\",\"inLanguage\":\"de\",\"@id\":\"https:\/\/www.vimmerbycamping.se\/de\/buchungsbedingungen\/#primaryimage\",\"url\":\"https:\/\/www.vimmerbycamping.se\/wp-content\/uploads\/2020\/10\/Camping-2_full-scaled.jpg\",\"contentUrl\":\"https:\/\/www.vimmerbycamping.se\/wp-content\/uploads\/2020\/10\/Camping-2_full-scaled.jpg\",\"width\":2560,\"height\":2048},{\"@type\":\"BreadcrumbList\",\"@id\":\"https:\/\/www.vimmerbycamping.se\/de\/buchungsbedingungen\/#breadcrumb\",\"itemListElement\":[{\"@type\":\"ListItem\",\"position\":1,\"name\":\"Home\",\"item\":\"https:\/\/www.vimmerbycamping.se\/de\/\"},{\"@type\":\"ListItem\",\"position\":2,\"name\":\"Buchungsbedingungen\"}]},{\"@type\":\"WebSite\",\"@id\":\"https:\/\/www.vimmerbycamping.se\/de\/#website\",\"url\":\"https:\/\/www.vimmerbycamping.se\/de\/\",\"name\":\"Vimmerby Camping\",\"description\":\"\",\"publisher\":{\"@id\":\"https:\/\/www.vimmerbycamping.se\/de\/#organization\"},\"potentialAction\":[{\"@type\":\"SearchAction\",\"target\":{\"@type\":\"EntryPoint\",\"urlTemplate\":\"https:\/\/www.vimmerbycamping.se\/de\/?s={search_term_string}\"},\"query-input\":{\"@type\":\"PropertyValueSpecification\",\"valueRequired\":true,\"valueName\":\"search_term_string\"}}],\"inLanguage\":\"de\"},{\"@type\":\"Organization\",\"@id\":\"https:\/\/www.vimmerbycamping.se\/de\/#organization\",\"name\":\"Vimmerby Camping\",\"url\":\"https:\/\/www.vimmerbycamping.se\/de\/\",\"logo\":{\"@type\":\"ImageObject\",\"inLanguage\":\"de\",\"@id\":\"https:\/\/www.vimmerbycamping.se\/de\/#\/schema\/logo\/image\/\",\"url\":\"https:\/\/www.vimmerbycamping.se\/wp-content\/uploads\/2020\/10\/symbol.png\",\"contentUrl\":\"https:\/\/www.vimmerbycamping.se\/wp-content\/uploads\/2020\/10\/symbol.png\",\"width\":512,\"height\":512,\"caption\":\"Vimmerby Camping\"},\"image\":{\"@id\":\"https:\/\/www.vimmerbycamping.se\/de\/#\/schema\/logo\/image\/\"},\"sameAs\":[\"https:\/\/www.facebook.com\/vimmerbycamping1\"]}]}<\/script>\n<!-- \/ Yoast SEO plugin. -->","yoast_head_json":{"title":"Buchungsbedingungen - Vimmerby Camping","description":"Flex ist die flexible Option f\u00fcr dich, wenn du mehr Freiheit bei deiner Buchung haben m\u00f6chtest. Du kannst bis 12:00 Uhr am Tag vor der Ankunft stornieren.","robots":{"index":"index","follow":"follow","max-snippet":"max-snippet:-1","max-image-preview":"max-image-preview:large","max-video-preview":"max-video-preview:-1"},"canonical":"https:\/\/www.vimmerbycamping.se\/de\/buchungsbedingungen\/","og_locale":"de_DE","og_type":"article","og_title":"Buchungsbedingungen - Vimmerby Camping","og_description":"Flex ist die flexible Option f\u00fcr dich, wenn du mehr Freiheit bei deiner Buchung haben m\u00f6chtest. Du kannst bis 12:00 Uhr am Tag vor der Ankunft stornieren.","og_url":"https:\/\/www.vimmerbycamping.se\/de\/buchungsbedingungen\/","og_site_name":"Vimmerby Camping","article_publisher":"https:\/\/www.facebook.com\/vimmerbycamping1","article_modified_time":"2024-11-20T09:02:37+00:00","og_image":[{"width":2560,"height":2048,"url":"https:\/\/www.vimmerbycamping.se\/wp-content\/uploads\/2020\/10\/Camping-2_full-scaled.jpg","type":"image\/jpeg"}],"twitter_card":"summary_large_image","twitter_misc":{"Gesch\u00e4tzte Lesezeit":"2\u00a0Minuten"},"schema":{"@context":"https:\/\/schema.org","@graph":[{"@type":"WebPage","@id":"https:\/\/www.vimmerbycamping.se\/de\/buchungsbedingungen\/","url":"https:\/\/www.vimmerbycamping.se\/de\/buchungsbedingungen\/","name":"Buchungsbedingungen - Vimmerby Camping","isPartOf":{"@id":"https:\/\/www.vimmerbycamping.se\/de\/#website"},"primaryImageOfPage":{"@id":"https:\/\/www.vimmerbycamping.se\/de\/buchungsbedingungen\/#primaryimage"},"image":{"@id":"https:\/\/www.vimmerbycamping.se\/de\/buchungsbedingungen\/#primaryimage"},"thumbnailUrl":"https:\/\/www.vimmerbycamping.se\/wp-content\/uploads\/2020\/10\/Camping-2_full-scaled.jpg","datePublished":"2020-11-18T09:07:34+00:00","dateModified":"2024-11-20T09:02:37+00:00","description":"Flex ist die flexible Option f\u00fcr dich, wenn du mehr Freiheit bei deiner Buchung haben m\u00f6chtest. Du kannst bis 12:00 Uhr am Tag vor der Ankunft stornieren.","breadcrumb":{"@id":"https:\/\/www.vimmerbycamping.se\/de\/buchungsbedingungen\/#breadcrumb"},"inLanguage":"de","potentialAction":[{"@type":"ReadAction","target":["https:\/\/www.vimmerbycamping.se\/de\/buchungsbedingungen\/"]}]},{"@type":"ImageObject","inLanguage":"de","@id":"https:\/\/www.vimmerbycamping.se\/de\/buchungsbedingungen\/#primaryimage","url":"https:\/\/www.vimmerbycamping.se\/wp-content\/uploads\/2020\/10\/Camping-2_full-scaled.jpg","contentUrl":"https:\/\/www.vimmerbycamping.se\/wp-content\/uploads\/2020\/10\/Camping-2_full-scaled.jpg","width":2560,"height":2048},{"@type":"BreadcrumbList","@id":"https:\/\/www.vimmerbycamping.se\/de\/buchungsbedingungen\/#breadcrumb","itemListElement":[{"@type":"ListItem","position":1,"name":"Home","item":"https:\/\/www.vimmerbycamping.se\/de\/"},{"@type":"ListItem","position":2,"name":"Buchungsbedingungen"}]},{"@type":"WebSite","@id":"https:\/\/www.vimmerbycamping.se\/de\/#website","url":"https:\/\/www.vimmerbycamping.se\/de\/","name":"Vimmerby Camping","description":"","publisher":{"@id":"https:\/\/www.vimmerbycamping.se\/de\/#organization"},"potentialAction":[{"@type":"SearchAction","target":{"@type":"EntryPoint","urlTemplate":"https:\/\/www.vimmerbycamping.se\/de\/?s={search_term_string}"},"query-input":{"@type":"PropertyValueSpecification","valueRequired":true,"valueName":"search_term_string"}}],"inLanguage":"de"},{"@type":"Organization","@id":"https:\/\/www.vimmerbycamping.se\/de\/#organization","name":"Vimmerby Camping","url":"https:\/\/www.vimmerbycamping.se\/de\/","logo":{"@type":"ImageObject","inLanguage":"de","@id":"https:\/\/www.vimmerbycamping.se\/de\/#\/schema\/logo\/image\/","url":"https:\/\/www.vimmerbycamping.se\/wp-content\/uploads\/2020\/10\/symbol.png","contentUrl":"https:\/\/www.vimmerbycamping.se\/wp-content\/uploads\/2020\/10\/symbol.png","width":512,"height":512,"caption":"Vimmerby Camping"},"image":{"@id":"https:\/\/www.vimmerbycamping.se\/de\/#\/schema\/logo\/image\/"},"sameAs":["https:\/\/www.facebook.com\/vimmerbycamping1"]}]}},"_links":{"self":[{"href":"https:\/\/www.vimmerbycamping.se\/de\/wp-json\/wp\/v2\/pages\/474","targetHints":{"allow":["GET"]}}],"collection":[{"href":"https:\/\/www.vimmerbycamping.se\/de\/wp-json\/wp\/v2\/pages"}],"about":[{"href":"https:\/\/www.vimmerbycamping.se\/de\/wp-json\/wp\/v2\/types\/page"}],"author":[{"embeddable":true,"href":"https:\/\/www.vimmerbycamping.se\/de\/wp-json\/wp\/v2\/users\/1"}],"replies":[{"embeddable":true,"href":"https:\/\/www.vimmerbycamping.se\/de\/wp-json\/wp\/v2\/comments?post=474"}],"version-history":[{"count":5,"href":"https:\/\/www.vimmerbycamping.se\/de\/wp-json\/wp\/v2\/pages\/474\/revisions"}],"predecessor-version":[{"id":5882,"href":"https:\/\/www.vimmerbycamping.se\/de\/wp-json\/wp\/v2\/pages\/474\/revisions\/5882"}],"wp:featuredmedia":[{"embeddable":true,"href":"https:\/\/www.vimmerbycamping.se\/de\/wp-json\/wp\/v2\/media\/896"}],"wp:attachment":[{"href":"https:\/\/www.vimmerbycamping.se\/de\/wp-json\/wp\/v2\/media?parent=474"}],"curies":[{"name":"wp","href":"https:\/\/api.w.org\/{rel}","templated":true}]}}