{"id":323,"date":"2020-11-17T13:19:05","date_gmt":"2020-11-17T13:19:05","guid":{"rendered":"https:\/\/vimmerbycamping.mindbite.cloud\/ueber-vimmerby-camping\/"},"modified":"2024-11-20T11:13:06","modified_gmt":"2024-11-20T10:13:06","slug":"ueber-vimmerby-camping","status":"publish","type":"page","link":"https:\/\/www.vimmerbycamping.se\/de\/ueber-vimmerby-camping\/","title":{"rendered":"\u00dcber Vimmerby Camping"},"content":{"rendered":"\n<h3 class=\"wp-block-heading\">Die Geschichte des Vimmerby Camping<\/h3>\n\n<p>Hier kannst du die Geschichte des Vimmerby Campings von den 40er Jahren bis heute lesen und erfahren, wie sich die Anlage im Laufe der Jahre entwickelt hat.<\/p>\n\n<p>Bereits in den 1940er oder 1950er Jahren zelteten die ersten Besucher bei Vimmerby Camping.&#13;\n<\/p>\n\n<figure class=\"wp-block-gallery has-nested-images columns-default is-cropped wp-block-gallery-1 is-layout-flex wp-block-gallery-is-layout-flex\">\n<figure class=\"wp-block-image size-full\"><img fetchpriority=\"high\" decoding=\"async\" width=\"769\" height=\"720\" data-id=\"4925\" src=\"https:\/\/www.vimmerbycamping.se\/wp-content\/uploads\/2024\/10\/Nossenskylt-1-1.webp\" alt=\"Das Bild ist auf 1951 datiert und wurde wahrscheinlich direkt hinter dem Geb&#xE4;ude Alphyddan aufgenommen.\" class=\"wp-image-4925\" srcset=\"https:\/\/www.vimmerbycamping.se\/wp-content\/uploads\/2024\/10\/Nossenskylt-1-1.webp 769w, https:\/\/www.vimmerbycamping.se\/wp-content\/uploads\/2024\/10\/Nossenskylt-1-1-300x281.webp 300w\" sizes=\"(max-width: 769px) 100vw, 769px\" \/><figcaption class=\"wp-element-caption\">Das Foto stammt aus dem Jahr 1951 und wurde wahrscheinlich direkt hinter dem Alphyddan-Geb\u00e4ude aufgenommen<\/figcaption><\/figure>\n\n\n\n<figure class=\"wp-block-image size-full\"><img decoding=\"async\" width=\"766\" height=\"771\" data-id=\"4923\" src=\"https:\/\/www.vimmerbycamping.se\/wp-content\/uploads\/2024\/10\/Hopptorn-1.webp\" alt=\"Das Bild stammt aus dem Jahr 1965 mit dem gro&#xDF;en Sprungturm und dem aufgesch&#xFC;tteten Steg\" class=\"wp-image-4923\" srcset=\"https:\/\/www.vimmerbycamping.se\/wp-content\/uploads\/2024\/10\/Hopptorn-1.webp 766w, https:\/\/www.vimmerbycamping.se\/wp-content\/uploads\/2024\/10\/Hopptorn-1-298x300.webp 298w, https:\/\/www.vimmerbycamping.se\/wp-content\/uploads\/2024\/10\/Hopptorn-1-150x150.webp 150w\" sizes=\"(max-width: 766px) 100vw, 766px\" \/><figcaption class=\"wp-element-caption\">Das Bild stammt aus dem Jahr 1965 mit dem gro\u00dfen Sprungturm und dem aufgesch\u00fctteten Steg<\/figcaption><\/figure>\n<\/figure>\n\n<p>Zu dieser Zeit war unser Hostel Alphyddan das Zentrum der Anlage, da es als Rezeption, B\u00e4ckerei und Caf\u00e9 diente.<\/p>\n\n<p>Auf dem See gab es ein gro\u00dfer Sprungturm und eine klassische Tanzfl\u00e4che \u2013 mit einem Hauch der Riviera, da sie ins Wasser gebaut war.<\/p>\n\n<p>Von dieser Zeit sind neben dem Hostel auch die sch\u00f6n geschnitzten Eingangstore erhalten geblieben.<\/p>\n\n<p>Die Tanzfl\u00e4che verschwand Anfang der 80er Jahre und machte Platz f\u00fcr unter anderem die sch\u00f6ne Seesauna, die an ihrer Stelle schaukelt.<\/p>\n\n<p>Der Sprungturm, der \u00fcbrigens von der Milit\u00e4rs w\u00e4hrend einer \u00dcbung gebaut wurde, blieb bis Ende der 80er Jahre erhalten, als niemand mehr f\u00fcr seine Pflege und Instandhaltung verantwortlich war.<\/p>\n\n<p>Wenn man sich Archivbilder ansieht, merkt man schnell, dass das Gel\u00e4nde am Ufer des Nossen vielen Generationen Freude bereitet hat.<\/p>\n\n<figure class=\"wp-block-image size-full\"><img decoding=\"async\" width=\"762\" height=\"771\" src=\"https:\/\/www.vimmerbycamping.se\/wp-content\/uploads\/2021\/01\/alphyddan-1.png\" alt=\"Das Hostel Alphyddan auf einem Bild aus dem Jahr 1965, damals diente das Geb&#xE4;ude als Caf&#xE9; und Rezeption.\" class=\"wp-image-1080\" srcset=\"https:\/\/www.vimmerbycamping.se\/wp-content\/uploads\/2021\/01\/alphyddan-1.png 762w, https:\/\/www.vimmerbycamping.se\/wp-content\/uploads\/2021\/01\/alphyddan-1-296x300.png 296w\" sizes=\"(max-width: 762px) 100vw, 762px\" \/><figcaption class=\"wp-element-caption\">Die Herberge Alphyddan auf einem Bild aus dem Jahr 1965, als das Geb\u00e4ude als Caf\u00e9 und Rezeption diente<\/figcaption><\/figure>\n\n<h4 class=\"wp-block-heading\">Entwicklung des Nossenbadets Camping<\/h4>\n\n<p>Viel ist seitdem passiert, als die ersten Zelte auf den Rasenfl\u00e4chen aufgestellt wurden, die damals im Besitz der Gemeinde Vimmerby waren und an private Betreiber verpachtet wurden.<\/p>\n\n<p>Im Jahr 2000 wurde Nossenbadets Camping stattdessen zu Vimmerby Camping, Nossenbadet. Dies geschah, als Lasse \u201eNossenBossen\u201c Johansson die Anlage von der Kommune kaufte.<\/p>\n\n<p>Eine gro\u00dfe Entwicklung nahm ihren Anfang, und Geb\u00e4ude wurden nach und nach errichtet, als die Bed\u00fcrfnisse wuchsen.<\/p>\n\n<p>Lasse leitete die Anlage erfolgreich f\u00fcr 19 Jahre.<\/p>\n\n<p>Im Jahr 2019 wurde die Anlage von Elisabeth und Hampus gekauft, die mit gro\u00dfer Begeisterung t\u00e4glich an der Entwicklung in Einklang mit dem Erhalt arbeiten.<\/p>\n\n<p>Die Anlage liegt malerisch in der Natur, und die Natur wird in enger Zusammenarbeit mit den anderen Aktivit\u00e4ten auf dem Gel\u00e4nde gut gepflegt.<\/p>\n\n<figure class=\"wp-block-image size-full\"><img loading=\"lazy\" decoding=\"async\" width=\"2016\" height=\"1504\" src=\"https:\/\/www.vimmerbycamping.se\/wp-content\/uploads\/2021\/01\/126318262_740594359881765_6618265597369303929_n.jpg\" alt=\"Der Nossensee ist meist wie ein Spiegel vor den Augen\" class=\"wp-image-1083\" srcset=\"https:\/\/www.vimmerbycamping.se\/wp-content\/uploads\/2021\/01\/126318262_740594359881765_6618265597369303929_n.jpg 2016w, https:\/\/www.vimmerbycamping.se\/wp-content\/uploads\/2021\/01\/126318262_740594359881765_6618265597369303929_n-300x224.jpg 300w, https:\/\/www.vimmerbycamping.se\/wp-content\/uploads\/2021\/01\/126318262_740594359881765_6618265597369303929_n-1024x764.jpg 1024w, https:\/\/www.vimmerbycamping.se\/wp-content\/uploads\/2021\/01\/126318262_740594359881765_6618265597369303929_n-768x573.jpg 768w, https:\/\/www.vimmerbycamping.se\/wp-content\/uploads\/2021\/01\/126318262_740594359881765_6618265597369303929_n-1536x1146.jpg 1536w\" sizes=\"(max-width: 2016px) 100vw, 2016px\" \/><figcaption class=\"wp-element-caption\">Der Nossensee ist meist wie ein Spiegel vor den Augen<\/figcaption><\/figure>\n\n<h2 class=\"wp-block-heading\">Entwicklung Jahr f\u00fcr Jahr unter der Leitung von Team WETHS<\/h2>\n\n<p><strong>2019<\/strong>&#13;\n&#8211; Eine neue Recyclingstation.&#13;\n&#8211; Renovierung der Seesauna, einschlie\u00dflich eines neuen Daches und Schwimmpontons.&#13;\n&#8211; Einf\u00fchrung der neuen Webseite.&#13;\n&#13;\n<strong>2020<\/strong>&#13;\n&#8211; Renovierung der Minigolfanlage mit Kunstrasen.&#13;\n&#8211; Neuer Eisladen.&#13;\n&#8211; Renovierung des oberen Servicehauses mit neuen Toiletten, Duschen und K\u00fcche.&#13;\n&#8211; Umbau der Rezeption.&#13;\n&#8211; Umbau des Restaurantbereichs.&#13;\n&#13;\n\u00a0&#13;\n&#13;\n<strong>2021<\/strong>&#13;\n&#8211; Neuer Hundeauslauf von 1250 m\u00b2 in h\u00fcgeligem Gel\u00e4nde.&#13;\n&#8211; Unbemannter Supermarkt 24Food NossenLivs \u00f6ffnet.&#13;\n&#8211; Neuer Hundeduschbereich mit Toilette und normaler Dusche.&#13;\n&#8211; Neue D\u00e4cher auf allen Sm\u00e5landsstugor.&#13;\n&#13;\n<strong>2022<\/strong>&#13;\n&#8211; Umbau der Restaurantk\u00fcche zu einer Pizzeria.&#13;\n&#8211; Bau eines neuen gro\u00dfen Spielplatzes.&#13;\n&#8211; Renovierung des unteren Servicehauses.&#13;\n&#13;\n<strong>2023<\/strong>&#13;\n&#8211; Umbau der Restaurantk\u00fcche, um die gestiegene Kapazit\u00e4t zu bew\u00e4ltigen.&#13;\n&#8211; Installation von Solarpanels auf der gesamten Anlage.&#13;\n&#8211; Nivellierung der Campingpl\u00e4tze 55-57, 90-97 sowie 3 neue Campingpl\u00e4tze und verbesserte Zeltfl\u00e4chen.&#13;\n&#8211; Neue Unterkunftsm\u00f6glichkeiten mit Glampingzelten.&#13;\n&#8211; Einf\u00fchrung papierloser L\u00f6sungen in allen Toiletten und Serviceh\u00e4usern f\u00fcr eine klimafreundlichere Nutzung.<\/p>\n\n<p><\/p>\n","protected":false},"excerpt":{"rendered":"<p>Die Geschichte des Vimmerby Camping Hier kannst du die Geschichte des Vimmerby Campings von den 40er Jahren bis heute lesen und erfahren, wie sich die Anlage im Laufe der Jahre [&hellip;]<\/p>\n","protected":false},"author":1,"featured_media":933,"parent":0,"menu_order":10,"comment_status":"closed","ping_status":"closed","template":"","meta":{"_acf_changed":false,"footnotes":""},"class_list":["post-323","page","type-page","status-publish","has-post-thumbnail","hentry"],"acf":[],"yoast_head":"<!-- This site is optimized with the Yoast SEO plugin v26.8 - https:\/\/yoast.com\/product\/yoast-seo-wordpress\/ -->\n<title>Die Geschichte des Vimmerby Camping<\/title>\n<meta name=\"description\" content=\"Hier kannst du die Geschichte des Vimmerby Campings von den 40er Jahren bis heute lesen und erfahren, wie sich die Anlage im Laufe der Jahre entwickelt hat.\" \/>\n<meta name=\"robots\" content=\"index, follow, max-snippet:-1, max-image-preview:large, max-video-preview:-1\" \/>\n<link rel=\"canonical\" href=\"https:\/\/www.vimmerbycamping.se\/de\/ueber-vimmerby-camping\/\" \/>\n<meta property=\"og:locale\" content=\"de_DE\" \/>\n<meta property=\"og:type\" content=\"article\" \/>\n<meta property=\"og:title\" content=\"Die Geschichte des Vimmerby Camping\" \/>\n<meta property=\"og:description\" content=\"Hier kannst du die Geschichte des Vimmerby Campings von den 40er Jahren bis heute lesen und erfahren, wie sich die Anlage im Laufe der Jahre entwickelt hat.\" \/>\n<meta property=\"og:url\" content=\"https:\/\/www.vimmerbycamping.se\/de\/ueber-vimmerby-camping\/\" \/>\n<meta property=\"og:site_name\" content=\"Vimmerby Camping\" \/>\n<meta property=\"article:publisher\" content=\"https:\/\/www.facebook.com\/vimmerbycamping1\" \/>\n<meta property=\"article:modified_time\" content=\"2024-11-20T10:13:06+00:00\" \/>\n<meta property=\"og:image\" content=\"https:\/\/www.vimmerbycamping.se\/wp-content\/uploads\/2021\/01\/Nossenskylt.png\" \/>\n\t<meta property=\"og:image:width\" content=\"769\" \/>\n\t<meta property=\"og:image:height\" content=\"720\" \/>\n\t<meta property=\"og:image:type\" content=\"image\/png\" \/>\n<meta name=\"twitter:card\" content=\"summary_large_image\" \/>\n<meta name=\"twitter:label1\" content=\"Gesch\u00e4tzte Lesezeit\" \/>\n\t<meta name=\"twitter:data1\" content=\"4\u00a0Minuten\" \/>\n<script type=\"application\/ld+json\" class=\"yoast-schema-graph\">{\"@context\":\"https:\/\/schema.org\",\"@graph\":[{\"@type\":\"WebPage\",\"@id\":\"https:\/\/www.vimmerbycamping.se\/de\/ueber-vimmerby-camping\/\",\"url\":\"https:\/\/www.vimmerbycamping.se\/de\/ueber-vimmerby-camping\/\",\"name\":\"Die Geschichte des Vimmerby Camping\",\"isPartOf\":{\"@id\":\"https:\/\/www.vimmerbycamping.se\/de\/#website\"},\"primaryImageOfPage\":{\"@id\":\"https:\/\/www.vimmerbycamping.se\/de\/ueber-vimmerby-camping\/#primaryimage\"},\"image\":{\"@id\":\"https:\/\/www.vimmerbycamping.se\/de\/ueber-vimmerby-camping\/#primaryimage\"},\"thumbnailUrl\":\"https:\/\/www.vimmerbycamping.se\/wp-content\/uploads\/2021\/01\/Nossenskylt.png\",\"datePublished\":\"2020-11-17T13:19:05+00:00\",\"dateModified\":\"2024-11-20T10:13:06+00:00\",\"description\":\"Hier kannst du die Geschichte des Vimmerby Campings von den 40er Jahren bis heute lesen und erfahren, wie sich die Anlage im Laufe der Jahre entwickelt hat.\",\"breadcrumb\":{\"@id\":\"https:\/\/www.vimmerbycamping.se\/de\/ueber-vimmerby-camping\/#breadcrumb\"},\"inLanguage\":\"de\",\"potentialAction\":[{\"@type\":\"ReadAction\",\"target\":[\"https:\/\/www.vimmerbycamping.se\/de\/ueber-vimmerby-camping\/\"]}]},{\"@type\":\"ImageObject\",\"inLanguage\":\"de\",\"@id\":\"https:\/\/www.vimmerbycamping.se\/de\/ueber-vimmerby-camping\/#primaryimage\",\"url\":\"https:\/\/www.vimmerbycamping.se\/wp-content\/uploads\/2021\/01\/Nossenskylt.png\",\"contentUrl\":\"https:\/\/www.vimmerbycamping.se\/wp-content\/uploads\/2021\/01\/Nossenskylt.png\",\"width\":769,\"height\":720},{\"@type\":\"BreadcrumbList\",\"@id\":\"https:\/\/www.vimmerbycamping.se\/de\/ueber-vimmerby-camping\/#breadcrumb\",\"itemListElement\":[{\"@type\":\"ListItem\",\"position\":1,\"name\":\"Home\",\"item\":\"https:\/\/www.vimmerbycamping.se\/de\/\"},{\"@type\":\"ListItem\",\"position\":2,\"name\":\"\u00dcber Vimmerby Camping\"}]},{\"@type\":\"WebSite\",\"@id\":\"https:\/\/www.vimmerbycamping.se\/de\/#website\",\"url\":\"https:\/\/www.vimmerbycamping.se\/de\/\",\"name\":\"Vimmerby Camping\",\"description\":\"\",\"publisher\":{\"@id\":\"https:\/\/www.vimmerbycamping.se\/de\/#organization\"},\"potentialAction\":[{\"@type\":\"SearchAction\",\"target\":{\"@type\":\"EntryPoint\",\"urlTemplate\":\"https:\/\/www.vimmerbycamping.se\/de\/?s={search_term_string}\"},\"query-input\":{\"@type\":\"PropertyValueSpecification\",\"valueRequired\":true,\"valueName\":\"search_term_string\"}}],\"inLanguage\":\"de\"},{\"@type\":\"Organization\",\"@id\":\"https:\/\/www.vimmerbycamping.se\/de\/#organization\",\"name\":\"Vimmerby Camping\",\"url\":\"https:\/\/www.vimmerbycamping.se\/de\/\",\"logo\":{\"@type\":\"ImageObject\",\"inLanguage\":\"de\",\"@id\":\"https:\/\/www.vimmerbycamping.se\/de\/#\/schema\/logo\/image\/\",\"url\":\"https:\/\/www.vimmerbycamping.se\/wp-content\/uploads\/2020\/10\/symbol.png\",\"contentUrl\":\"https:\/\/www.vimmerbycamping.se\/wp-content\/uploads\/2020\/10\/symbol.png\",\"width\":512,\"height\":512,\"caption\":\"Vimmerby Camping\"},\"image\":{\"@id\":\"https:\/\/www.vimmerbycamping.se\/de\/#\/schema\/logo\/image\/\"},\"sameAs\":[\"https:\/\/www.facebook.com\/vimmerbycamping1\"]}]}<\/script>\n<!-- \/ Yoast SEO plugin. -->","yoast_head_json":{"title":"Die Geschichte des Vimmerby Camping","description":"Hier kannst du die Geschichte des Vimmerby Campings von den 40er Jahren bis heute lesen und erfahren, wie sich die Anlage im Laufe der Jahre entwickelt hat.","robots":{"index":"index","follow":"follow","max-snippet":"max-snippet:-1","max-image-preview":"max-image-preview:large","max-video-preview":"max-video-preview:-1"},"canonical":"https:\/\/www.vimmerbycamping.se\/de\/ueber-vimmerby-camping\/","og_locale":"de_DE","og_type":"article","og_title":"Die Geschichte des Vimmerby Camping","og_description":"Hier kannst du die Geschichte des Vimmerby Campings von den 40er Jahren bis heute lesen und erfahren, wie sich die Anlage im Laufe der Jahre entwickelt hat.","og_url":"https:\/\/www.vimmerbycamping.se\/de\/ueber-vimmerby-camping\/","og_site_name":"Vimmerby Camping","article_publisher":"https:\/\/www.facebook.com\/vimmerbycamping1","article_modified_time":"2024-11-20T10:13:06+00:00","og_image":[{"width":769,"height":720,"url":"https:\/\/www.vimmerbycamping.se\/wp-content\/uploads\/2021\/01\/Nossenskylt.png","type":"image\/png"}],"twitter_card":"summary_large_image","twitter_misc":{"Gesch\u00e4tzte Lesezeit":"4\u00a0Minuten"},"schema":{"@context":"https:\/\/schema.org","@graph":[{"@type":"WebPage","@id":"https:\/\/www.vimmerbycamping.se\/de\/ueber-vimmerby-camping\/","url":"https:\/\/www.vimmerbycamping.se\/de\/ueber-vimmerby-camping\/","name":"Die Geschichte des Vimmerby Camping","isPartOf":{"@id":"https:\/\/www.vimmerbycamping.se\/de\/#website"},"primaryImageOfPage":{"@id":"https:\/\/www.vimmerbycamping.se\/de\/ueber-vimmerby-camping\/#primaryimage"},"image":{"@id":"https:\/\/www.vimmerbycamping.se\/de\/ueber-vimmerby-camping\/#primaryimage"},"thumbnailUrl":"https:\/\/www.vimmerbycamping.se\/wp-content\/uploads\/2021\/01\/Nossenskylt.png","datePublished":"2020-11-17T13:19:05+00:00","dateModified":"2024-11-20T10:13:06+00:00","description":"Hier kannst du die Geschichte des Vimmerby Campings von den 40er Jahren bis heute lesen und erfahren, wie sich die Anlage im Laufe der Jahre entwickelt hat.","breadcrumb":{"@id":"https:\/\/www.vimmerbycamping.se\/de\/ueber-vimmerby-camping\/#breadcrumb"},"inLanguage":"de","potentialAction":[{"@type":"ReadAction","target":["https:\/\/www.vimmerbycamping.se\/de\/ueber-vimmerby-camping\/"]}]},{"@type":"ImageObject","inLanguage":"de","@id":"https:\/\/www.vimmerbycamping.se\/de\/ueber-vimmerby-camping\/#primaryimage","url":"https:\/\/www.vimmerbycamping.se\/wp-content\/uploads\/2021\/01\/Nossenskylt.png","contentUrl":"https:\/\/www.vimmerbycamping.se\/wp-content\/uploads\/2021\/01\/Nossenskylt.png","width":769,"height":720},{"@type":"BreadcrumbList","@id":"https:\/\/www.vimmerbycamping.se\/de\/ueber-vimmerby-camping\/#breadcrumb","itemListElement":[{"@type":"ListItem","position":1,"name":"Home","item":"https:\/\/www.vimmerbycamping.se\/de\/"},{"@type":"ListItem","position":2,"name":"\u00dcber Vimmerby Camping"}]},{"@type":"WebSite","@id":"https:\/\/www.vimmerbycamping.se\/de\/#website","url":"https:\/\/www.vimmerbycamping.se\/de\/","name":"Vimmerby Camping","description":"","publisher":{"@id":"https:\/\/www.vimmerbycamping.se\/de\/#organization"},"potentialAction":[{"@type":"SearchAction","target":{"@type":"EntryPoint","urlTemplate":"https:\/\/www.vimmerbycamping.se\/de\/?s={search_term_string}"},"query-input":{"@type":"PropertyValueSpecification","valueRequired":true,"valueName":"search_term_string"}}],"inLanguage":"de"},{"@type":"Organization","@id":"https:\/\/www.vimmerbycamping.se\/de\/#organization","name":"Vimmerby Camping","url":"https:\/\/www.vimmerbycamping.se\/de\/","logo":{"@type":"ImageObject","inLanguage":"de","@id":"https:\/\/www.vimmerbycamping.se\/de\/#\/schema\/logo\/image\/","url":"https:\/\/www.vimmerbycamping.se\/wp-content\/uploads\/2020\/10\/symbol.png","contentUrl":"https:\/\/www.vimmerbycamping.se\/wp-content\/uploads\/2020\/10\/symbol.png","width":512,"height":512,"caption":"Vimmerby Camping"},"image":{"@id":"https:\/\/www.vimmerbycamping.se\/de\/#\/schema\/logo\/image\/"},"sameAs":["https:\/\/www.facebook.com\/vimmerbycamping1"]}]}},"_links":{"self":[{"href":"https:\/\/www.vimmerbycamping.se\/de\/wp-json\/wp\/v2\/pages\/323","targetHints":{"allow":["GET"]}}],"collection":[{"href":"https:\/\/www.vimmerbycamping.se\/de\/wp-json\/wp\/v2\/pages"}],"about":[{"href":"https:\/\/www.vimmerbycamping.se\/de\/wp-json\/wp\/v2\/types\/page"}],"author":[{"embeddable":true,"href":"https:\/\/www.vimmerbycamping.se\/de\/wp-json\/wp\/v2\/users\/1"}],"replies":[{"embeddable":true,"href":"https:\/\/www.vimmerbycamping.se\/de\/wp-json\/wp\/v2\/comments?post=323"}],"version-history":[{"count":9,"href":"https:\/\/www.vimmerbycamping.se\/de\/wp-json\/wp\/v2\/pages\/323\/revisions"}],"predecessor-version":[{"id":5895,"href":"https:\/\/www.vimmerbycamping.se\/de\/wp-json\/wp\/v2\/pages\/323\/revisions\/5895"}],"wp:featuredmedia":[{"embeddable":true,"href":"https:\/\/www.vimmerbycamping.se\/de\/wp-json\/wp\/v2\/media\/933"}],"wp:attachment":[{"href":"https:\/\/www.vimmerbycamping.se\/de\/wp-json\/wp\/v2\/media?parent=323"}],"curies":[{"name":"wp","href":"https:\/\/api.w.org\/{rel}","templated":true}]}}