{"id":1662,"date":"2023-02-09T08:43:33","date_gmt":"2023-02-09T07:43:33","guid":{"rendered":"https:\/\/www.vimmerbycamping.se\/reservieren\/"},"modified":"2025-11-12T11:12:02","modified_gmt":"2025-11-12T10:12:02","slug":"reservieren","status":"publish","type":"page","link":"https:\/\/www.vimmerbycamping.se\/de\/reservieren\/","title":{"rendered":"Buchen"},"content":{"rendered":"\t\t<div data-elementor-type=\"wp-page\" data-elementor-id=\"1662\" class=\"elementor elementor-1662 elementor-1639\" data-elementor-post-type=\"page\">\n\t\t\t\t\t\t<section class=\"elementor-section elementor-top-section elementor-element elementor-element-a3b9edb elementor-section-boxed elementor-section-height-default elementor-section-height-default\" data-id=\"a3b9edb\" data-element_type=\"section\" data-e-type=\"section\" data-settings=\"{&quot;jet_parallax_layout_list&quot;:[]}\">\n\t\t\t\t\t\t<div class=\"elementor-container elementor-column-gap-default\">\n\t\t\t\t\t<div class=\"elementor-column elementor-col-100 elementor-top-column elementor-element elementor-element-4818143\" data-id=\"4818143\" data-element_type=\"column\" data-e-type=\"column\">\n\t\t\t<div class=\"elementor-widget-wrap elementor-element-populated\">\n\t\t\t\t\t\t<div class=\"elementor-element elementor-element-416c048 elementor-align-justify elementor-widget elementor-widget-button\" data-id=\"416c048\" data-element_type=\"widget\" data-e-type=\"widget\" data-widget_type=\"button.default\">\n\t\t\t\t<div class=\"elementor-widget-container\">\n\t\t\t\t\t\t\t\t\t<div class=\"elementor-button-wrapper\">\n\t\t\t\t\t<a class=\"elementor-button elementor-button-link elementor-size-sm\" href=\"https:\/\/towni.se\/pages\/vimmerby-camping\/boka-vimmerby?lang=de\">\n\t\t\t\t\t\t<span class=\"elementor-button-content-wrapper\">\n\t\t\t\t\t\t\t\t\t<span class=\"elementor-button-text\">Unterkunft buchen<\/span>\n\t\t\t\t\t<\/span>\n\t\t\t\t\t<\/a>\n\t\t\t\t<\/div>\n\t\t\t\t\t\t\t\t<\/div>\n\t\t\t\t<\/div>\n\t\t\t\t<div class=\"elementor-element elementor-element-7878dee elementor-align-justify elementor-widget elementor-widget-button\" data-id=\"7878dee\" data-element_type=\"widget\" data-e-type=\"widget\" data-widget_type=\"button.default\">\n\t\t\t\t<div class=\"elementor-widget-container\">\n\t\t\t\t\t\t\t\t\t<div class=\"elementor-button-wrapper\">\n\t\t\t\t\t<a class=\"elementor-button elementor-button-link elementor-size-sm\" href=\"https:\/\/towni.se\/pages\/vimmerby-camping\/aktivitetsbokning?lang=de\">\n\t\t\t\t\t\t<span class=\"elementor-button-content-wrapper\">\n\t\t\t\t\t\t\t\t\t<span class=\"elementor-button-text\">Aktivit\u00e4ten buchen<\/span>\n\t\t\t\t\t<\/span>\n\t\t\t\t\t<\/a>\n\t\t\t\t<\/div>\n\t\t\t\t\t\t\t\t<\/div>\n\t\t\t\t<\/div>\n\t\t\t\t<div class=\"elementor-element elementor-element-0bf12e6 elementor-align-justify elementor-widget elementor-widget-button\" data-id=\"0bf12e6\" data-element_type=\"widget\" data-e-type=\"widget\" data-widget_type=\"button.default\">\n\t\t\t\t<div class=\"elementor-widget-container\">\n\t\t\t\t\t\t\t\t\t<div class=\"elementor-button-wrapper\">\n\t\t\t\t\t<a class=\"elementor-button elementor-button-link elementor-size-sm\" href=\"https:\/\/www.vimmerbycamping.se\/de\/tischreservierung\/\">\n\t\t\t\t\t\t<span class=\"elementor-button-content-wrapper\">\n\t\t\t\t\t\t\t\t\t<span class=\"elementor-button-text\">Tisch reservieren<\/span>\n\t\t\t\t\t<\/span>\n\t\t\t\t\t<\/a>\n\t\t\t\t<\/div>\n\t\t\t\t\t\t\t\t<\/div>\n\t\t\t\t<\/div>\n\t\t\t\t\t<\/div>\n\t\t<\/div>\n\t\t\t\t\t<\/div>\n\t\t<\/section>\n\t\t\t\t<\/div>\n\t\t","protected":false},"excerpt":{"rendered":"<p>Unterkunft buchen Aktivit\u00e4ten buchen Tisch reservieren<\/p>\n","protected":false},"author":1,"featured_media":5958,"parent":0,"menu_order":0,"comment_status":"closed","ping_status":"closed","template":"","meta":{"_acf_changed":false,"footnotes":""},"class_list":["post-1662","page","type-page","status-publish","has-post-thumbnail","hentry"],"acf":[],"yoast_head":"<!-- This site is optimized with the Yoast SEO plugin v26.8 - https:\/\/yoast.com\/product\/yoast-seo-wordpress\/ -->\n<title>Dein Aufenthalt<\/title>\n<meta name=\"description\" content=\"Buche H\u00fctten, Campingpl\u00e4tze, Stellpl\u00e4tze und Zelte f\u00fcr einen wundersch\u00f6nen Aufenthalt in der Natur!\" \/>\n<meta name=\"robots\" content=\"index, follow, max-snippet:-1, max-image-preview:large, max-video-preview:-1\" \/>\n<link rel=\"canonical\" href=\"https:\/\/www.vimmerbycamping.se\/de\/reservieren\/\" \/>\n<meta property=\"og:locale\" content=\"de_DE\" \/>\n<meta property=\"og:type\" content=\"article\" \/>\n<meta property=\"og:title\" content=\"Dein Aufenthalt\" \/>\n<meta property=\"og:description\" content=\"Buche H\u00fctten, Campingpl\u00e4tze, Stellpl\u00e4tze und Zelte f\u00fcr einen wundersch\u00f6nen Aufenthalt in der Natur!\" \/>\n<meta property=\"og:url\" content=\"https:\/\/www.vimmerbycamping.se\/de\/reservieren\/\" \/>\n<meta property=\"og:site_name\" content=\"Vimmerby Camping\" \/>\n<meta property=\"article:publisher\" content=\"https:\/\/www.facebook.com\/vimmerbycamping1\" \/>\n<meta property=\"article:modified_time\" content=\"2025-11-12T10:12:02+00:00\" \/>\n<meta property=\"og:image\" content=\"https:\/\/www.vimmerbycamping.se\/wp-content\/uploads\/2020\/11\/DJI_0375.jpg\" \/>\n\t<meta property=\"og:image:width\" content=\"1600\" \/>\n\t<meta property=\"og:image:height\" content=\"899\" \/>\n\t<meta property=\"og:image:type\" content=\"image\/jpeg\" \/>\n<meta name=\"twitter:card\" content=\"summary_large_image\" \/>\n<script type=\"application\/ld+json\" class=\"yoast-schema-graph\">{\"@context\":\"https:\/\/schema.org\",\"@graph\":[{\"@type\":\"WebPage\",\"@id\":\"https:\/\/www.vimmerbycamping.se\/de\/reservieren\/\",\"url\":\"https:\/\/www.vimmerbycamping.se\/de\/reservieren\/\",\"name\":\"Dein Aufenthalt\",\"isPartOf\":{\"@id\":\"https:\/\/www.vimmerbycamping.se\/de\/#website\"},\"primaryImageOfPage\":{\"@id\":\"https:\/\/www.vimmerbycamping.se\/de\/reservieren\/#primaryimage\"},\"image\":{\"@id\":\"https:\/\/www.vimmerbycamping.se\/de\/reservieren\/#primaryimage\"},\"thumbnailUrl\":\"https:\/\/www.vimmerbycamping.se\/wp-content\/uploads\/2020\/11\/DJI_0375.jpg\",\"datePublished\":\"2023-02-09T07:43:33+00:00\",\"dateModified\":\"2025-11-12T10:12:02+00:00\",\"description\":\"Buche H\u00fctten, Campingpl\u00e4tze, Stellpl\u00e4tze und Zelte f\u00fcr einen wundersch\u00f6nen Aufenthalt in der Natur!\",\"breadcrumb\":{\"@id\":\"https:\/\/www.vimmerbycamping.se\/de\/reservieren\/#breadcrumb\"},\"inLanguage\":\"de\",\"potentialAction\":[{\"@type\":\"ReadAction\",\"target\":[\"https:\/\/www.vimmerbycamping.se\/de\/reservieren\/\"]}]},{\"@type\":\"ImageObject\",\"inLanguage\":\"de\",\"@id\":\"https:\/\/www.vimmerbycamping.se\/de\/reservieren\/#primaryimage\",\"url\":\"https:\/\/www.vimmerbycamping.se\/wp-content\/uploads\/2020\/11\/DJI_0375.jpg\",\"contentUrl\":\"https:\/\/www.vimmerbycamping.se\/wp-content\/uploads\/2020\/11\/DJI_0375.jpg\",\"width\":1600,\"height\":899},{\"@type\":\"BreadcrumbList\",\"@id\":\"https:\/\/www.vimmerbycamping.se\/de\/reservieren\/#breadcrumb\",\"itemListElement\":[{\"@type\":\"ListItem\",\"position\":1,\"name\":\"Home\",\"item\":\"https:\/\/www.vimmerbycamping.se\/de\/\"},{\"@type\":\"ListItem\",\"position\":2,\"name\":\"Buchen\"}]},{\"@type\":\"WebSite\",\"@id\":\"https:\/\/www.vimmerbycamping.se\/de\/#website\",\"url\":\"https:\/\/www.vimmerbycamping.se\/de\/\",\"name\":\"Vimmerby Camping\",\"description\":\"\",\"publisher\":{\"@id\":\"https:\/\/www.vimmerbycamping.se\/de\/#organization\"},\"potentialAction\":[{\"@type\":\"SearchAction\",\"target\":{\"@type\":\"EntryPoint\",\"urlTemplate\":\"https:\/\/www.vimmerbycamping.se\/de\/?s={search_term_string}\"},\"query-input\":{\"@type\":\"PropertyValueSpecification\",\"valueRequired\":true,\"valueName\":\"search_term_string\"}}],\"inLanguage\":\"de\"},{\"@type\":\"Organization\",\"@id\":\"https:\/\/www.vimmerbycamping.se\/de\/#organization\",\"name\":\"Vimmerby Camping\",\"url\":\"https:\/\/www.vimmerbycamping.se\/de\/\",\"logo\":{\"@type\":\"ImageObject\",\"inLanguage\":\"de\",\"@id\":\"https:\/\/www.vimmerbycamping.se\/de\/#\/schema\/logo\/image\/\",\"url\":\"https:\/\/www.vimmerbycamping.se\/wp-content\/uploads\/2020\/10\/symbol.png\",\"contentUrl\":\"https:\/\/www.vimmerbycamping.se\/wp-content\/uploads\/2020\/10\/symbol.png\",\"width\":512,\"height\":512,\"caption\":\"Vimmerby Camping\"},\"image\":{\"@id\":\"https:\/\/www.vimmerbycamping.se\/de\/#\/schema\/logo\/image\/\"},\"sameAs\":[\"https:\/\/www.facebook.com\/vimmerbycamping1\"]}]}<\/script>\n<!-- \/ Yoast SEO plugin. -->","yoast_head_json":{"title":"Dein Aufenthalt","description":"Buche H\u00fctten, Campingpl\u00e4tze, Stellpl\u00e4tze und Zelte f\u00fcr einen wundersch\u00f6nen Aufenthalt in der Natur!","robots":{"index":"index","follow":"follow","max-snippet":"max-snippet:-1","max-image-preview":"max-image-preview:large","max-video-preview":"max-video-preview:-1"},"canonical":"https:\/\/www.vimmerbycamping.se\/de\/reservieren\/","og_locale":"de_DE","og_type":"article","og_title":"Dein Aufenthalt","og_description":"Buche H\u00fctten, Campingpl\u00e4tze, Stellpl\u00e4tze und Zelte f\u00fcr einen wundersch\u00f6nen Aufenthalt in der Natur!","og_url":"https:\/\/www.vimmerbycamping.se\/de\/reservieren\/","og_site_name":"Vimmerby Camping","article_publisher":"https:\/\/www.facebook.com\/vimmerbycamping1","article_modified_time":"2025-11-12T10:12:02+00:00","og_image":[{"width":1600,"height":899,"url":"https:\/\/www.vimmerbycamping.se\/wp-content\/uploads\/2020\/11\/DJI_0375.jpg","type":"image\/jpeg"}],"twitter_card":"summary_large_image","schema":{"@context":"https:\/\/schema.org","@graph":[{"@type":"WebPage","@id":"https:\/\/www.vimmerbycamping.se\/de\/reservieren\/","url":"https:\/\/www.vimmerbycamping.se\/de\/reservieren\/","name":"Dein Aufenthalt","isPartOf":{"@id":"https:\/\/www.vimmerbycamping.se\/de\/#website"},"primaryImageOfPage":{"@id":"https:\/\/www.vimmerbycamping.se\/de\/reservieren\/#primaryimage"},"image":{"@id":"https:\/\/www.vimmerbycamping.se\/de\/reservieren\/#primaryimage"},"thumbnailUrl":"https:\/\/www.vimmerbycamping.se\/wp-content\/uploads\/2020\/11\/DJI_0375.jpg","datePublished":"2023-02-09T07:43:33+00:00","dateModified":"2025-11-12T10:12:02+00:00","description":"Buche H\u00fctten, Campingpl\u00e4tze, Stellpl\u00e4tze und Zelte f\u00fcr einen wundersch\u00f6nen Aufenthalt in der Natur!","breadcrumb":{"@id":"https:\/\/www.vimmerbycamping.se\/de\/reservieren\/#breadcrumb"},"inLanguage":"de","potentialAction":[{"@type":"ReadAction","target":["https:\/\/www.vimmerbycamping.se\/de\/reservieren\/"]}]},{"@type":"ImageObject","inLanguage":"de","@id":"https:\/\/www.vimmerbycamping.se\/de\/reservieren\/#primaryimage","url":"https:\/\/www.vimmerbycamping.se\/wp-content\/uploads\/2020\/11\/DJI_0375.jpg","contentUrl":"https:\/\/www.vimmerbycamping.se\/wp-content\/uploads\/2020\/11\/DJI_0375.jpg","width":1600,"height":899},{"@type":"BreadcrumbList","@id":"https:\/\/www.vimmerbycamping.se\/de\/reservieren\/#breadcrumb","itemListElement":[{"@type":"ListItem","position":1,"name":"Home","item":"https:\/\/www.vimmerbycamping.se\/de\/"},{"@type":"ListItem","position":2,"name":"Buchen"}]},{"@type":"WebSite","@id":"https:\/\/www.vimmerbycamping.se\/de\/#website","url":"https:\/\/www.vimmerbycamping.se\/de\/","name":"Vimmerby Camping","description":"","publisher":{"@id":"https:\/\/www.vimmerbycamping.se\/de\/#organization"},"potentialAction":[{"@type":"SearchAction","target":{"@type":"EntryPoint","urlTemplate":"https:\/\/www.vimmerbycamping.se\/de\/?s={search_term_string}"},"query-input":{"@type":"PropertyValueSpecification","valueRequired":true,"valueName":"search_term_string"}}],"inLanguage":"de"},{"@type":"Organization","@id":"https:\/\/www.vimmerbycamping.se\/de\/#organization","name":"Vimmerby Camping","url":"https:\/\/www.vimmerbycamping.se\/de\/","logo":{"@type":"ImageObject","inLanguage":"de","@id":"https:\/\/www.vimmerbycamping.se\/de\/#\/schema\/logo\/image\/","url":"https:\/\/www.vimmerbycamping.se\/wp-content\/uploads\/2020\/10\/symbol.png","contentUrl":"https:\/\/www.vimmerbycamping.se\/wp-content\/uploads\/2020\/10\/symbol.png","width":512,"height":512,"caption":"Vimmerby Camping"},"image":{"@id":"https:\/\/www.vimmerbycamping.se\/de\/#\/schema\/logo\/image\/"},"sameAs":["https:\/\/www.facebook.com\/vimmerbycamping1"]}]}},"_links":{"self":[{"href":"https:\/\/www.vimmerbycamping.se\/de\/wp-json\/wp\/v2\/pages\/1662","targetHints":{"allow":["GET"]}}],"collection":[{"href":"https:\/\/www.vimmerbycamping.se\/de\/wp-json\/wp\/v2\/pages"}],"about":[{"href":"https:\/\/www.vimmerbycamping.se\/de\/wp-json\/wp\/v2\/types\/page"}],"author":[{"embeddable":true,"href":"https:\/\/www.vimmerbycamping.se\/de\/wp-json\/wp\/v2\/users\/1"}],"replies":[{"embeddable":true,"href":"https:\/\/www.vimmerbycamping.se\/de\/wp-json\/wp\/v2\/comments?post=1662"}],"version-history":[{"count":5,"href":"https:\/\/www.vimmerbycamping.se\/de\/wp-json\/wp\/v2\/pages\/1662\/revisions"}],"predecessor-version":[{"id":6966,"href":"https:\/\/www.vimmerbycamping.se\/de\/wp-json\/wp\/v2\/pages\/1662\/revisions\/6966"}],"wp:featuredmedia":[{"embeddable":true,"href":"https:\/\/www.vimmerbycamping.se\/de\/wp-json\/wp\/v2\/media\/5958"}],"wp:attachment":[{"href":"https:\/\/www.vimmerbycamping.se\/de\/wp-json\/wp\/v2\/media?parent=1662"}],"curies":[{"name":"wp","href":"https:\/\/api.w.org\/{rel}","templated":true}]}}