{"id":1576,"date":"2022-03-14T09:16:52","date_gmt":"2022-03-14T08:16:52","guid":{"rendered":"https:\/\/www.vimmerbycamping.se\/24food-nossen-livs\/"},"modified":"2024-11-08T11:32:32","modified_gmt":"2024-11-08T10:32:32","slug":"fuer-groessere-gruppen-und-unternehmen","status":"publish","type":"page","link":"https:\/\/www.vimmerbycamping.se\/de\/fuer-groessere-gruppen-und-unternehmen\/","title":{"rendered":"F\u00fcr gr\u00f6\u00dfere Gruppen und Unternehmen"},"content":{"rendered":"\n<p>Reisen Sie als gr\u00f6\u00dferes Unternehmen und suchen nach Firmenunterk\u00fcnften, in denen Sie nahe beieinander wohnen k\u00f6nnen?<\/p>\n\n<p>Wir helfen Ihnen, unvergessliche Erinnerungen zu schaffen! Auf unserer Anlage finden Sie alles, was Sie f\u00fcr einen einzigartigen und unvergesslichen Aufenthalt ben\u00f6tigen \u2013 was sie perfekt f\u00fcr Firmenunterk\u00fcnfte bei Gesch\u00e4ftsreisen und Teambuilding macht.&#13;\n&#13;\n<\/p>\n\n<p>Im Sommer, von Mai bis September, ist unser Restaurant ge\u00f6ffnet und serviert k\u00f6stliche Sauerteig-Pizzen sowie \u00e0 la carte-Gerichte. Hier k\u00f6nnen Sie Ihre Mahlzeiten mit sch\u00f6ner Aussicht auf den See genie\u00dfen \u2013 ein idealer Ort, um sich nach einem Tag voller Firmenaktivit\u00e4ten zu entspannen.<\/p>\n\n<p>Damit Sie das Beste aus Ihrem Aufenthalt herausholen, stellen wir au\u00dferdem einen Aktivit\u00e4tskalender zusammen, der genau auf Ihr Unternehmen zugeschnitten ist. F\u00fcr gr\u00f6\u00dfere Gruppen empfehlen wir jedoch, fr\u00fchzeitig zu buchen, um die Firmenunterkunft zu sichern, die am besten zu Ihren Bed\u00fcrfnissen passt.<\/p>\n\n<p><a href=\"https:\/\/www.vimmerbycamping.se\/de\/ueber-vimmerby-camping\/kontaktiere-uns\/\">Kontaktieren Sie uns<\/a> gerne f\u00fcr individuell angepasste Vorschl\u00e4ge f\u00fcr Firmenunterk\u00fcnfte. Nutzen Sie auch die Gelegenheit, lokale Attraktionen wie den <a href=\"https:\/\/www.virummoosepark.com\/de\/start\/\">Virum Elchpark<\/a> oder <a href=\"https:\/\/filmbyn.se\/de\/\">Filmbyn Sm\u00e5land<\/a> zu erleben \u2013 wir helfen Ihnen gerne bei der Buchung von Eintrittskarten!<\/p>\n\n<p>Melden Sie sich noch heute, um Ihre n\u00e4chste Gesch\u00e4ftsreise zu planen und unvergessliche Erinnerungen gemeinsam mit Ihrem Team zu schaffen!&#13;\n&#13;\n&#13;\n&#13;\n&#13;\n&#13;\n&#13;\n<\/p>\n\n<figure class=\"wp-block-image size-large is-style-default\"><img fetchpriority=\"high\" decoding=\"async\" width=\"1024\" height=\"575\" src=\"https:\/\/www.vimmerbycamping.se\/wp-content\/uploads\/2020\/11\/DJI_0358-1024x575.jpg\" alt=\"Campingstellpl&#xE4;tze als Firmenunterk&#xFC;nfte in der N&#xE4;he des Servicehauses und des Sees.\" class=\"wp-image-2613\" srcset=\"https:\/\/www.vimmerbycamping.se\/wp-content\/uploads\/2020\/11\/DJI_0358-1024x575.jpg 1024w, https:\/\/www.vimmerbycamping.se\/wp-content\/uploads\/2020\/11\/DJI_0358-300x169.jpg 300w, https:\/\/www.vimmerbycamping.se\/wp-content\/uploads\/2020\/11\/DJI_0358-768x432.jpg 768w, https:\/\/www.vimmerbycamping.se\/wp-content\/uploads\/2020\/11\/DJI_0358-1536x863.jpg 1536w, https:\/\/www.vimmerbycamping.se\/wp-content\/uploads\/2020\/11\/DJI_0358.jpg 1600w\" sizes=\"(max-width: 1024px) 100vw, 1024px\" \/><\/figure>\n\n<p>\u00a0&#13;\n&#13;\n\u00a0<\/p>\n\n<h1 class=\"wp-block-heading\">Firmenunterk\u00fcnfte<\/h1>\n\n<p><div class=\"flex max-w-full flex-col flex-grow\">&#13;\n<div class=\"min-h-8 text-message flex w-full flex-col items-end gap-2 whitespace-normal break-words [.text-message+&amp;]:mt-5\" dir=\"auto\" data-message-author-role=\"assistant\" data-message-id=\"52570676-f2d6-4723-bb63-9a979efbc1e4\" data-message-model-slug=\"gpt-4o-mini\">&#13;\n<div class=\"flex w-full flex-col gap-1 empty:hidden first:pt-[3px]\">&#13;\n<div class=\"markdown prose w-full break-words dark:prose-invert light\">&#13;\n&#13;\nFirmenunterk\u00fcnfte bei uns auf dem Vimmerby Camping sind bequem und preislich angepasst zwischen September und Mai. Es gibt ein vielf\u00e4ltiges Angebot, von einfachen Jugendherbergszimmern bis hin zu Ferienwohnungen oder Campingstellpl\u00e4tzen.&#13;\n&#13;\n<\/div>&#13;\n\u00a0&#13;\n<div class=\"markdown prose w-full break-words dark:prose-invert light\">&#13;\n&#13;\nWir wenden eine adaptive Preisliste an, die von der Dauer des Aufenthalts und der Anzahl der Unterk\u00fcnfte abh\u00e4ngt. Alle unsere Unterk\u00fcnfte verf\u00fcgen \u00fcber Selbstverpflegung. Die Ferienwohnungen sind mit einer K\u00fcche, einem Badezimmer und einem Schlafzimmer ausgestattet. Im Schlafzimmer gibt es vier Betten (zwei Etagenbetten). Parken ist bequem direkt vor der Eingangst\u00fcr m\u00f6glich.&#13;\n&#13;\n<\/div>&#13;\n<\/div>&#13;\n<\/div>&#13;\n<\/div>&#13;\n\u00a0&#13;\n<div class=\"flex max-w-full flex-col flex-grow\">&#13;\n<div class=\"min-h-8 text-message flex w-full flex-col items-end gap-2 whitespace-normal break-words [.text-message+&amp;]:mt-5\" dir=\"auto\" data-message-author-role=\"assistant\" data-message-id=\"52570676-f2d6-4723-bb63-9a979efbc1e4\" data-message-model-slug=\"gpt-4o-mini\">&#13;\n<div class=\"flex w-full flex-col gap-1 empty:hidden first:pt-[3px]\">&#13;\n<div class=\"markdown prose w-full break-words dark:prose-invert light\">&#13;\n&#13;\nWir bieten auch zus\u00e4tzlichen Service wie Zugang zur Waschk\u00fcche, Bettw\u00e4sche und Endreinigung an.&#13;\n&#13;\n<\/div>&#13;\n<\/div>&#13;\n<\/div>&#13;\n<\/div><\/p>\n\n<p><\/p>\n","protected":false},"excerpt":{"rendered":"<p>Reisen Sie als gr\u00f6\u00dferes Unternehmen und suchen nach Firmenunterk\u00fcnften, in denen Sie nahe beieinander wohnen k\u00f6nnen? Wir helfen Ihnen, unvergessliche Erinnerungen zu schaffen! Auf unserer Anlage finden Sie alles, was [&hellip;]<\/p>\n","protected":false},"author":1,"featured_media":2591,"parent":0,"menu_order":0,"comment_status":"closed","ping_status":"closed","template":"","meta":{"_acf_changed":false,"footnotes":""},"class_list":["post-1576","page","type-page","status-publish","has-post-thumbnail","hentry"],"acf":[],"yoast_head":"<!-- This site is optimized with the Yoast SEO plugin v26.8 - https:\/\/yoast.com\/product\/yoast-seo-wordpress\/ -->\n<title>Firmenunterk\u00fcnfte f\u00fcr gr\u00f6\u00dfere Gruppen &amp; Unternehmen - Vimmerby Camping<\/title>\n<meta name=\"description\" content=\"\u00dcbernachten Sie mit einer gr\u00f6\u00dferen Gruppe oder buchen Sie Firmenunterk\u00fcnfte in Vimmerby. Wir helfen Ihnen dabei, Erinnerungen zu schaffen, die lange anhalten!\" \/>\n<meta name=\"robots\" content=\"index, follow, max-snippet:-1, max-image-preview:large, max-video-preview:-1\" \/>\n<link rel=\"canonical\" href=\"https:\/\/www.vimmerbycamping.se\/de\/fuer-groessere-gruppen-und-unternehmen\/\" \/>\n<meta property=\"og:locale\" content=\"de_DE\" \/>\n<meta property=\"og:type\" content=\"article\" \/>\n<meta property=\"og:title\" content=\"Firmenunterk\u00fcnfte f\u00fcr gr\u00f6\u00dfere Gruppen &amp; Unternehmen - Vimmerby Camping\" \/>\n<meta property=\"og:description\" content=\"\u00dcbernachten Sie mit einer gr\u00f6\u00dferen Gruppe oder buchen Sie Firmenunterk\u00fcnfte in Vimmerby. Wir helfen Ihnen dabei, Erinnerungen zu schaffen, die lange anhalten!\" \/>\n<meta property=\"og:url\" content=\"https:\/\/www.vimmerbycamping.se\/de\/fuer-groessere-gruppen-und-unternehmen\/\" \/>\n<meta property=\"og:site_name\" content=\"Vimmerby Camping\" \/>\n<meta property=\"article:publisher\" content=\"https:\/\/www.facebook.com\/vimmerbycamping1\" \/>\n<meta property=\"article:modified_time\" content=\"2024-11-08T10:32:32+00:00\" \/>\n<meta property=\"og:image\" content=\"https:\/\/www.vimmerbycamping.se\/wp-content\/uploads\/2020\/11\/MEI00773.jpg\" \/>\n\t<meta property=\"og:image:width\" content=\"1600\" \/>\n\t<meta property=\"og:image:height\" content=\"1067\" \/>\n\t<meta property=\"og:image:type\" content=\"image\/jpeg\" \/>\n<meta name=\"twitter:card\" content=\"summary_large_image\" \/>\n<meta name=\"twitter:label1\" content=\"Gesch\u00e4tzte Lesezeit\" \/>\n\t<meta name=\"twitter:data1\" content=\"2\u00a0Minuten\" \/>\n<script type=\"application\/ld+json\" class=\"yoast-schema-graph\">{\"@context\":\"https:\/\/schema.org\",\"@graph\":[{\"@type\":\"WebPage\",\"@id\":\"https:\/\/www.vimmerbycamping.se\/de\/fuer-groessere-gruppen-und-unternehmen\/\",\"url\":\"https:\/\/www.vimmerbycamping.se\/de\/fuer-groessere-gruppen-und-unternehmen\/\",\"name\":\"Firmenunterk\u00fcnfte f\u00fcr gr\u00f6\u00dfere Gruppen & Unternehmen - Vimmerby Camping\",\"isPartOf\":{\"@id\":\"https:\/\/www.vimmerbycamping.se\/de\/#website\"},\"primaryImageOfPage\":{\"@id\":\"https:\/\/www.vimmerbycamping.se\/de\/fuer-groessere-gruppen-und-unternehmen\/#primaryimage\"},\"image\":{\"@id\":\"https:\/\/www.vimmerbycamping.se\/de\/fuer-groessere-gruppen-und-unternehmen\/#primaryimage\"},\"thumbnailUrl\":\"https:\/\/www.vimmerbycamping.se\/wp-content\/uploads\/2020\/11\/MEI00773.jpg\",\"datePublished\":\"2022-03-14T08:16:52+00:00\",\"dateModified\":\"2024-11-08T10:32:32+00:00\",\"description\":\"\u00dcbernachten Sie mit einer gr\u00f6\u00dferen Gruppe oder buchen Sie Firmenunterk\u00fcnfte in Vimmerby. Wir helfen Ihnen dabei, Erinnerungen zu schaffen, die lange anhalten!\",\"breadcrumb\":{\"@id\":\"https:\/\/www.vimmerbycamping.se\/de\/fuer-groessere-gruppen-und-unternehmen\/#breadcrumb\"},\"inLanguage\":\"de\",\"potentialAction\":[{\"@type\":\"ReadAction\",\"target\":[\"https:\/\/www.vimmerbycamping.se\/de\/fuer-groessere-gruppen-und-unternehmen\/\"]}]},{\"@type\":\"ImageObject\",\"inLanguage\":\"de\",\"@id\":\"https:\/\/www.vimmerbycamping.se\/de\/fuer-groessere-gruppen-und-unternehmen\/#primaryimage\",\"url\":\"https:\/\/www.vimmerbycamping.se\/wp-content\/uploads\/2020\/11\/MEI00773.jpg\",\"contentUrl\":\"https:\/\/www.vimmerbycamping.se\/wp-content\/uploads\/2020\/11\/MEI00773.jpg\",\"width\":1600,\"height\":1067},{\"@type\":\"BreadcrumbList\",\"@id\":\"https:\/\/www.vimmerbycamping.se\/de\/fuer-groessere-gruppen-und-unternehmen\/#breadcrumb\",\"itemListElement\":[{\"@type\":\"ListItem\",\"position\":1,\"name\":\"Home\",\"item\":\"https:\/\/www.vimmerbycamping.se\/de\/\"},{\"@type\":\"ListItem\",\"position\":2,\"name\":\"F\u00fcr gr\u00f6\u00dfere Gruppen und Unternehmen\"}]},{\"@type\":\"WebSite\",\"@id\":\"https:\/\/www.vimmerbycamping.se\/de\/#website\",\"url\":\"https:\/\/www.vimmerbycamping.se\/de\/\",\"name\":\"Vimmerby Camping\",\"description\":\"\",\"publisher\":{\"@id\":\"https:\/\/www.vimmerbycamping.se\/de\/#organization\"},\"potentialAction\":[{\"@type\":\"SearchAction\",\"target\":{\"@type\":\"EntryPoint\",\"urlTemplate\":\"https:\/\/www.vimmerbycamping.se\/de\/?s={search_term_string}\"},\"query-input\":{\"@type\":\"PropertyValueSpecification\",\"valueRequired\":true,\"valueName\":\"search_term_string\"}}],\"inLanguage\":\"de\"},{\"@type\":\"Organization\",\"@id\":\"https:\/\/www.vimmerbycamping.se\/de\/#organization\",\"name\":\"Vimmerby Camping\",\"url\":\"https:\/\/www.vimmerbycamping.se\/de\/\",\"logo\":{\"@type\":\"ImageObject\",\"inLanguage\":\"de\",\"@id\":\"https:\/\/www.vimmerbycamping.se\/de\/#\/schema\/logo\/image\/\",\"url\":\"https:\/\/www.vimmerbycamping.se\/wp-content\/uploads\/2020\/10\/symbol.png\",\"contentUrl\":\"https:\/\/www.vimmerbycamping.se\/wp-content\/uploads\/2020\/10\/symbol.png\",\"width\":512,\"height\":512,\"caption\":\"Vimmerby Camping\"},\"image\":{\"@id\":\"https:\/\/www.vimmerbycamping.se\/de\/#\/schema\/logo\/image\/\"},\"sameAs\":[\"https:\/\/www.facebook.com\/vimmerbycamping1\"]}]}<\/script>\n<!-- \/ Yoast SEO plugin. -->","yoast_head_json":{"title":"Firmenunterk\u00fcnfte f\u00fcr gr\u00f6\u00dfere Gruppen & Unternehmen - Vimmerby Camping","description":"\u00dcbernachten Sie mit einer gr\u00f6\u00dferen Gruppe oder buchen Sie Firmenunterk\u00fcnfte in Vimmerby. Wir helfen Ihnen dabei, Erinnerungen zu schaffen, die lange anhalten!","robots":{"index":"index","follow":"follow","max-snippet":"max-snippet:-1","max-image-preview":"max-image-preview:large","max-video-preview":"max-video-preview:-1"},"canonical":"https:\/\/www.vimmerbycamping.se\/de\/fuer-groessere-gruppen-und-unternehmen\/","og_locale":"de_DE","og_type":"article","og_title":"Firmenunterk\u00fcnfte f\u00fcr gr\u00f6\u00dfere Gruppen & Unternehmen - Vimmerby Camping","og_description":"\u00dcbernachten Sie mit einer gr\u00f6\u00dferen Gruppe oder buchen Sie Firmenunterk\u00fcnfte in Vimmerby. Wir helfen Ihnen dabei, Erinnerungen zu schaffen, die lange anhalten!","og_url":"https:\/\/www.vimmerbycamping.se\/de\/fuer-groessere-gruppen-und-unternehmen\/","og_site_name":"Vimmerby Camping","article_publisher":"https:\/\/www.facebook.com\/vimmerbycamping1","article_modified_time":"2024-11-08T10:32:32+00:00","og_image":[{"width":1600,"height":1067,"url":"https:\/\/www.vimmerbycamping.se\/wp-content\/uploads\/2020\/11\/MEI00773.jpg","type":"image\/jpeg"}],"twitter_card":"summary_large_image","twitter_misc":{"Gesch\u00e4tzte Lesezeit":"2\u00a0Minuten"},"schema":{"@context":"https:\/\/schema.org","@graph":[{"@type":"WebPage","@id":"https:\/\/www.vimmerbycamping.se\/de\/fuer-groessere-gruppen-und-unternehmen\/","url":"https:\/\/www.vimmerbycamping.se\/de\/fuer-groessere-gruppen-und-unternehmen\/","name":"Firmenunterk\u00fcnfte f\u00fcr gr\u00f6\u00dfere Gruppen & Unternehmen - Vimmerby Camping","isPartOf":{"@id":"https:\/\/www.vimmerbycamping.se\/de\/#website"},"primaryImageOfPage":{"@id":"https:\/\/www.vimmerbycamping.se\/de\/fuer-groessere-gruppen-und-unternehmen\/#primaryimage"},"image":{"@id":"https:\/\/www.vimmerbycamping.se\/de\/fuer-groessere-gruppen-und-unternehmen\/#primaryimage"},"thumbnailUrl":"https:\/\/www.vimmerbycamping.se\/wp-content\/uploads\/2020\/11\/MEI00773.jpg","datePublished":"2022-03-14T08:16:52+00:00","dateModified":"2024-11-08T10:32:32+00:00","description":"\u00dcbernachten Sie mit einer gr\u00f6\u00dferen Gruppe oder buchen Sie Firmenunterk\u00fcnfte in Vimmerby. Wir helfen Ihnen dabei, Erinnerungen zu schaffen, die lange anhalten!","breadcrumb":{"@id":"https:\/\/www.vimmerbycamping.se\/de\/fuer-groessere-gruppen-und-unternehmen\/#breadcrumb"},"inLanguage":"de","potentialAction":[{"@type":"ReadAction","target":["https:\/\/www.vimmerbycamping.se\/de\/fuer-groessere-gruppen-und-unternehmen\/"]}]},{"@type":"ImageObject","inLanguage":"de","@id":"https:\/\/www.vimmerbycamping.se\/de\/fuer-groessere-gruppen-und-unternehmen\/#primaryimage","url":"https:\/\/www.vimmerbycamping.se\/wp-content\/uploads\/2020\/11\/MEI00773.jpg","contentUrl":"https:\/\/www.vimmerbycamping.se\/wp-content\/uploads\/2020\/11\/MEI00773.jpg","width":1600,"height":1067},{"@type":"BreadcrumbList","@id":"https:\/\/www.vimmerbycamping.se\/de\/fuer-groessere-gruppen-und-unternehmen\/#breadcrumb","itemListElement":[{"@type":"ListItem","position":1,"name":"Home","item":"https:\/\/www.vimmerbycamping.se\/de\/"},{"@type":"ListItem","position":2,"name":"F\u00fcr gr\u00f6\u00dfere Gruppen und Unternehmen"}]},{"@type":"WebSite","@id":"https:\/\/www.vimmerbycamping.se\/de\/#website","url":"https:\/\/www.vimmerbycamping.se\/de\/","name":"Vimmerby Camping","description":"","publisher":{"@id":"https:\/\/www.vimmerbycamping.se\/de\/#organization"},"potentialAction":[{"@type":"SearchAction","target":{"@type":"EntryPoint","urlTemplate":"https:\/\/www.vimmerbycamping.se\/de\/?s={search_term_string}"},"query-input":{"@type":"PropertyValueSpecification","valueRequired":true,"valueName":"search_term_string"}}],"inLanguage":"de"},{"@type":"Organization","@id":"https:\/\/www.vimmerbycamping.se\/de\/#organization","name":"Vimmerby Camping","url":"https:\/\/www.vimmerbycamping.se\/de\/","logo":{"@type":"ImageObject","inLanguage":"de","@id":"https:\/\/www.vimmerbycamping.se\/de\/#\/schema\/logo\/image\/","url":"https:\/\/www.vimmerbycamping.se\/wp-content\/uploads\/2020\/10\/symbol.png","contentUrl":"https:\/\/www.vimmerbycamping.se\/wp-content\/uploads\/2020\/10\/symbol.png","width":512,"height":512,"caption":"Vimmerby Camping"},"image":{"@id":"https:\/\/www.vimmerbycamping.se\/de\/#\/schema\/logo\/image\/"},"sameAs":["https:\/\/www.facebook.com\/vimmerbycamping1"]}]}},"_links":{"self":[{"href":"https:\/\/www.vimmerbycamping.se\/de\/wp-json\/wp\/v2\/pages\/1576","targetHints":{"allow":["GET"]}}],"collection":[{"href":"https:\/\/www.vimmerbycamping.se\/de\/wp-json\/wp\/v2\/pages"}],"about":[{"href":"https:\/\/www.vimmerbycamping.se\/de\/wp-json\/wp\/v2\/types\/page"}],"author":[{"embeddable":true,"href":"https:\/\/www.vimmerbycamping.se\/de\/wp-json\/wp\/v2\/users\/1"}],"replies":[{"embeddable":true,"href":"https:\/\/www.vimmerbycamping.se\/de\/wp-json\/wp\/v2\/comments?post=1576"}],"version-history":[{"count":19,"href":"https:\/\/www.vimmerbycamping.se\/de\/wp-json\/wp\/v2\/pages\/1576\/revisions"}],"predecessor-version":[{"id":5905,"href":"https:\/\/www.vimmerbycamping.se\/de\/wp-json\/wp\/v2\/pages\/1576\/revisions\/5905"}],"wp:featuredmedia":[{"embeddable":true,"href":"https:\/\/www.vimmerbycamping.se\/de\/wp-json\/wp\/v2\/media\/2591"}],"wp:attachment":[{"href":"https:\/\/www.vimmerbycamping.se\/de\/wp-json\/wp\/v2\/media?parent=1576"}],"curies":[{"name":"wp","href":"https:\/\/api.w.org\/{rel}","templated":true}]}}